{"id":226123,"date":"2022-01-27T17:06:45","date_gmt":"2022-01-27T16:06:45","guid":{"rendered":"https:\/\/costeira.wine\/returns\/"},"modified":"2022-03-08T11:14:05","modified_gmt":"2022-03-08T10:14:05","slug":"returns","status":"publish","type":"page","link":"https:\/\/costeira.wine\/en\/returns\/","title":{"rendered":"Returns"},"content":{"rendered":"\t\t<div data-elementor-type=\"wp-page\" data-elementor-id=\"226123\" class=\"elementor elementor-226123 elementor-32413\" data-elementor-post-type=\"page\">\n\t\t\t\t\t\t<section class=\"elementor-section elementor-top-section elementor-element elementor-element-dbd7379 elementor-section-boxed elementor-section-height-default elementor-section-height-default\" data-id=\"dbd7379\" data-element_type=\"section\" data-settings=\"{&quot;jet_parallax_layout_list&quot;:[{&quot;jet_parallax_layout_image&quot;:{&quot;url&quot;:&quot;&quot;,&quot;id&quot;:&quot;&quot;,&quot;size&quot;:&quot;&quot;},&quot;_id&quot;:&quot;981487d&quot;,&quot;jet_parallax_layout_image_tablet&quot;:{&quot;url&quot;:&quot;&quot;,&quot;id&quot;:&quot;&quot;,&quot;size&quot;:&quot;&quot;},&quot;jet_parallax_layout_image_mobile&quot;:{&quot;url&quot;:&quot;&quot;,&quot;id&quot;:&quot;&quot;,&quot;size&quot;:&quot;&quot;},&quot;jet_parallax_layout_speed&quot;:{&quot;unit&quot;:&quot;%&quot;,&quot;size&quot;:50,&quot;sizes&quot;:[]},&quot;jet_parallax_layout_type&quot;:&quot;scroll&quot;,&quot;jet_parallax_layout_direction&quot;:null,&quot;jet_parallax_layout_fx_direction&quot;:null,&quot;jet_parallax_layout_z_index&quot;:&quot;&quot;,&quot;jet_parallax_layout_bg_x&quot;:50,&quot;jet_parallax_layout_bg_x_tablet&quot;:&quot;&quot;,&quot;jet_parallax_layout_bg_x_mobile&quot;:&quot;&quot;,&quot;jet_parallax_layout_bg_y&quot;:50,&quot;jet_parallax_layout_bg_y_tablet&quot;:&quot;&quot;,&quot;jet_parallax_layout_bg_y_mobile&quot;:&quot;&quot;,&quot;jet_parallax_layout_bg_size&quot;:&quot;auto&quot;,&quot;jet_parallax_layout_bg_size_tablet&quot;:&quot;&quot;,&quot;jet_parallax_layout_bg_size_mobile&quot;:&quot;&quot;,&quot;jet_parallax_layout_animation_prop&quot;:&quot;transform&quot;,&quot;jet_parallax_layout_on&quot;:[&quot;desktop&quot;,&quot;tablet&quot;]}]}\">\n\t\t\t\t\t\t<div class=\"elementor-container elementor-column-gap-default\">\n\t\t\t\t\t<div class=\"elementor-column elementor-col-100 elementor-top-column elementor-element elementor-element-3d5c3e0\" data-id=\"3d5c3e0\" data-element_type=\"column\">\n\t\t\t<div class=\"elementor-widget-wrap elementor-element-populated\">\n\t\t\t\t\t\t<div class=\"elementor-element elementor-element-70f295f elementor-widget elementor-widget-heading\" data-id=\"70f295f\" data-element_type=\"widget\" data-widget_type=\"heading.default\">\n\t\t\t\t<div class=\"elementor-widget-container\">\n\t\t\t\t\t<h1 class=\"elementor-heading-title elementor-size-default\">Devoluciones<\/h1>\t\t\t\t<\/div>\n\t\t\t\t<\/div>\n\t\t\t\t<div class=\"elementor-element elementor-element-c49bccb elementor-widget elementor-widget-text-editor\" data-id=\"c49bccb\" data-element_type=\"widget\" data-widget_type=\"text-editor.default\">\n\t\t\t\t<div class=\"elementor-widget-container\">\n\t\t\t\t\t\t\t\t\t<h3 style=\"font-family: Poppins, sans-serif; color: rgb(57, 57, 57);\">1. ENV\u00cdOS<\/h3><h3 style=\"font-family: Poppins, sans-serif; color: rgb(57, 57, 57);\"><p style=\"font-size: 16px;\">Los tiempos de env\u00edo para productos en stock ser\u00e1n de entre dos y tres d\u00edas laborables. En d\u00edas sin servicios de log\u00edstica (cierre de la bodega por festivos\/convenio), estos tiempos podr\u00edan ser superiores a los habituales.<\/p><p style=\"font-size: 16px;\">Cuando exista alguna incidencia de stock, nos pondr\u00edamos en contacto con el cliente para notific\u00e1rselo y que este decida si seguir adelante con el pedido.<\/p><\/h3><h4 style=\"font-family: Poppins, sans-serif; color: rgb(57, 57, 57);\">Costes de Env\u00edo<\/h4><h3 style=\"font-family: Poppins, sans-serif; color: rgb(57, 57, 57);\"><ul style=\"font-size: 16px; background-color: rgb(244, 239, 231);\"><li style=\"font-size: 16px;\">Pedidos inferiores a \u20ac60: env\u00edo en Pen\u00ednsula 5\u20ac.&nbsp;<\/li><li style=\"font-size: 16px;\">Pedidos iguales o superiores a \u20ac60: todos los env\u00edos para pedidos a partir de 60\u20ac son gratuitos en toda la pen\u00ednsula.<\/li><\/ul><p style=\"font-size: 16px;\">Para solicitar informaci\u00f3n relativa a las condiciones de env\u00edo a Canarias o a Baleares el cliente tendr\u00e1 que entrar en contacto con la Bodega Vi\u00f1a Costeira en el tel\u00e9fono 988 477 210 o a trav\u00e9s del email&nbsp;<a href=\"mailto:logistica@costeira.es\">logistica@costeira.es.<\/a><\/p><\/h3><h4 style=\"font-family: Poppins, sans-serif; color: rgb(57, 57, 57);\">Aduanas<\/h4><h3 style=\"font-family: Poppins, sans-serif; color: rgb(57, 57, 57);\"><p style=\"font-size: 16px;\">Si el env\u00edo del paquete genera gastos e impuestos de aduana, estos correr\u00e1n por cuenta del cliente.<\/p><p style=\"font-size: 16px;\">Si el cliente no quiere hacerse cargo de las tasas aduaneras, Vi\u00f1a Costeira SCG no devolver\u00e1 el importe del pedido ni se har\u00e1 cargo del paquete.<\/p><p style=\"font-size: 16px;\">Todos lo env\u00edos se realizar\u00e1n a Espa\u00f1a a trav\u00e9s de AutoRadio.<\/p><p style=\"font-size: 16px;\">Para solicitar informaci\u00f3n relativa a las condiciones de env\u00edo a un pa\u00eds fuera de Espa\u00f1a el cliente tendr\u00e1 que entrar en contacto con la bodega a trav\u00e9s de los siguientes datos de contacto:<\/p><p style=\"font-size: 16px;\">Direcci\u00f3n: Valdepereira, S\/N, 32415, Ribadavia, Ourense<\/p><p style=\"font-size: 16px;\">Tel\u00e9fono: (+34) 988 477 210<\/p><p style=\"font-size: 16px;\"><\/p><\/h3><h3 style=\"font-family: Poppins, sans-serif; color: rgb(57, 57, 57);\">2. FORMAS DE PAGO<\/h3><h3 style=\"font-family: Poppins, sans-serif; color: rgb(57, 57, 57);\"><ul style=\"font-size: 16px; background-color: rgb(244, 239, 231);\"><li style=\"font-size: 16px;\">Tarjeta de Cr\u00e9dito (Visa, Mastercard, Euro6000).<\/li><\/ul><p style=\"font-size: 16px;\"><\/p><\/h3><h1 style=\"font-family: Poppins, sans-serif; color: rgb(57, 57, 57);\">DEVOLUCIONES<\/h1><h3 style=\"font-family: Poppins, sans-serif; color: rgb(57, 57, 57);\"><p style=\"font-size: 16px;\"><\/p><\/h3><h3 style=\"font-family: Poppins, sans-serif; color: rgb(57, 57, 57);\">1. DERECHO DE DESISTIMIENTO<\/h3><h3 style=\"font-family: Poppins, sans-serif; color: rgb(57, 57, 57);\"><p style=\"font-size: 16px;\">El cliente tendr\u00e1 un m\u00e1ximo de 15 d\u00edas naturales desde la recepci\u00f3n del pedido para tramitar su devoluci\u00f3n, de acuerdo a la legislaci\u00f3n aplicable. Una vez superados estos 15 d\u00edas, Bodega Vi\u00f1a Costeira no aceptar\u00e1 dicha devoluci\u00f3n.<\/p><p style=\"font-size: 16px;\">Para la tramitaci\u00f3n de una devoluci\u00f3n, el usuario ha de ponerse en contacto con Bodega Vi\u00f1a Costeira en el tel\u00e9fono 988 477 210 o a trav\u00e9s del email&nbsp;<a href=\"mailto:logistica@costeira.es\">logistica@costeira.es<\/a>, desde donde se direccionar\u00e1 al departamento de log\u00edstica y se proceder\u00e1n a realizar las gestiones necesarias, bajo las siguientes condiciones:<\/p><ul style=\"font-size: 16px; background-color: rgb(244, 239, 231);\"><li style=\"font-size: 16px;\">El producto debe estar en&nbsp;<span style=\"font-weight: bolder;\">perfecto estado y con su envoltorio original. Asimismo<br>no debe haberse abierto, desprecintado o utilizado.<\/span><\/li><li style=\"font-size: 16px;\">Debe ser devuelto en las&nbsp;<span style=\"font-weight: bolder;\">mismas condiciones en las que fue recibido con su<br>embalaje original intacto y el justificante de compra junto con el albar\u00e1n de entrega.<br><\/span><\/li><li style=\"font-size: 16px;\">La devoluci\u00f3n se puede realizar mediante env\u00edo por correo ordinario a Vi\u00f1a Costeira SCG,<br>Valdepereira s\/n , 32415, Ribadavia,Ourense.&nbsp;<span style=\"font-weight: bolder;\">Los gastos de env\u00edo deber\u00e1n ser asumidos<br>por el cliente.<\/span><\/li><\/ul><\/h3><h3 style=\"font-family: Poppins, sans-serif; color: rgb(57, 57, 57);\">2. DERECHO DE PRODUCTOS DEFECTUOSOS<\/h3><h3 style=\"font-family: Poppins, sans-serif; color: rgb(57, 57, 57);\"><p style=\"font-size: 16px;\">Cuando la devoluci\u00f3n est\u00e9 motivada por alg\u00fan defecto de fabricaci\u00f3n o calidad, podr\u00e1 ser devuelto en el plazo m\u00e1ximo de 15 d\u00edas naturales desde la recepci\u00f3n del pedido, procediendo a su sustituci\u00f3n. El usuario tendr\u00e1 derecho a reclamar, y que se le entregue, un producto igual, en perfecto estado.<\/p><p style=\"font-size: 16px;\">En el caso de que el producto no se encontrase disponible, la empresa proceder\u00e1 al reembolso del importe que el cliente haya abonado, incluidos los gastos de env\u00edo, de acuerdo a la forma de pago utilizada en la compra.<\/p><p style=\"font-size: 16px;\">En el caso concreto de productos defectuosos, o que no casan con el pedido realizado por el cliente, \u00e9ste no deber\u00e1 hacer frente a los costes de devoluci\u00f3n de dichos productos.<\/p><p style=\"font-size: 16px;\"><\/p><\/h3><h3 style=\"font-family: Poppins, sans-serif; color: rgb(57, 57, 57);\">3. REEMBOLSO<\/h3><h3 style=\"font-family: Poppins, sans-serif; color: rgb(57, 57, 57);\"><p style=\"font-size: 16px;\">Siempre que el usuario se haya ajustado a las condiciones anteriormente citadas, Bodega Vi\u00f1a Costeira proceder\u00e1 al reembolso del precio abonado por \u00e9ste correspondiente a los productos devueltos.&nbsp;<span style=\"font-weight: bolder;\">En caso de devoluci\u00f3n por desistimiento, Bodega Vi\u00f1a Costeira no har\u00e1 frente a los costes de devoluci\u00f3n.&nbsp;<\/span><\/p><p style=\"font-size: 16px;\">En caso de no ajustarse a los requisitos incluidos en las presentes condiciones, el usuario no tendr\u00e1 derecho a reembolso de cantidad alguna.<\/p><p style=\"font-size: 16px;\">Si se tratase de una devoluci\u00f3n parcial, se le reembolsar\u00e1 al usuario la cantidad correspondiente por los productos devueltos. En este caso, los gastos de env\u00edo deber\u00e1n correr a cargo del usuario, excepto en el supuesto de que el producto resultase defectuoso, remiti\u00e9ndonos a las&nbsp;<span style=\"font-weight: bolder;\">condiciones del punto 2<\/span>&nbsp;anteriormente citado.<\/p><p style=\"font-size: 16px;\">Bodega Vi\u00f1a Costeira proceder\u00e1 a la devoluci\u00f3n del pedido mediante el mismo m\u00e9todo de pago utilizado por el usuario para la adquisici\u00f3n, en un plazo de 20 d\u00edas desde la recogida del producto y tras la comprobaci\u00f3n pertinente del estado de dicho producto.<\/p><p style=\"font-size: 16px;\">En cualquier caso, Vi\u00f1a Costeira Bodega se reserva el derecho de retener el reembolso hasta haber recibido los bienes, o hasta que el usuario haya presentado una prueba de la devoluci\u00f3n de los mismos, seg\u00fan qu\u00e9 condici\u00f3n se cumpla primero.<\/p><p style=\"font-size: 16px;\">Para cualquier consulta, el cliente puede ponerse en contacto con la Bodega Vi\u00f1a Costeira a trav\u00e9s de la siguiente direcci\u00f3n, tel\u00e9fono o email.<\/p><p style=\"font-size: 16px;\">Vi\u00f1a Costeira SCG,<br>Valdepereira s\/n 32415, Ribadavia, Ourense<\/p><p style=\"font-size: 16px;\">Tlfno:&nbsp;988 477 210<\/p><p style=\"font-size: 16px;\">Email:&nbsp;<a href=\"mailto:logistica@costeira.es\">logistica@costeira.es<\/a><\/p><\/h3>\t\t\t\t\t\t\t\t<\/div>\n\t\t\t\t<\/div>\n\t\t\t\t\t<\/div>\n\t\t<\/div>\n\t\t\t\t\t<\/div>\n\t\t<\/section>\n\t\t\t\t<\/div>\n\t\t","protected":false},"excerpt":{"rendered":"<p>Returns 1. SHIPPING Delivery times for products in stock are 2-3 business days. If no logistic service is available due to the winery being closed for public holiday or by agreement, times could be longer than usual. If there is a problem with the stock, we will contact the client to notify him\/her and ask [&hellip;]<\/p>\n","protected":false},"author":1,"featured_media":0,"parent":0,"menu_order":0,"comment_status":"closed","ping_status":"closed","template":"","meta":{"footnotes":""},"class_list":["post-226123","page","type-page","status-publish","hentry"],"yoast_head":"<!-- This site is optimized with the Yoast SEO plugin v24.8.1 - https:\/\/yoast.com\/wordpress\/plugins\/seo\/ -->\n<title>Returns - Vi\u00f1a costeira<\/title>\n<meta name=\"robots\" content=\"index, follow, max-snippet:-1, max-image-preview:large, max-video-preview:-1\" \/>\n<link rel=\"canonical\" href=\"https:\/\/costeira.wine\/en\/returns\/\" \/>\n<meta property=\"og:locale\" content=\"en_US\" \/>\n<meta property=\"og:type\" content=\"article\" \/>\n<meta property=\"og:title\" content=\"Returns - Vi\u00f1a costeira\" \/>\n<meta property=\"og:description\" content=\"Returns 1. SHIPPING Delivery times for products in stock are 2-3 business days. If no logistic service is available due to the winery being closed for public holiday or by agreement, times could be longer than usual. If there is a problem with the stock, we will contact the client to notify him\/her and ask [&hellip;]\" \/>\n<meta property=\"og:url\" content=\"https:\/\/costeira.wine\/en\/returns\/\" \/>\n<meta property=\"og:site_name\" content=\"Vi\u00f1a costeira\" \/>\n<meta property=\"article:publisher\" content=\"https:\/\/www.facebook.com\/vinacosteira\/\" \/>\n<meta property=\"article:modified_time\" content=\"2022-03-08T10:14:05+00:00\" \/>\n<meta property=\"og:image\" content=\"https:\/\/costeira.wine\/wp-content\/uploads\/2021\/07\/costeira_estrellas_000175-low-980x653-1.jpg\" \/>\n\t<meta property=\"og:image:width\" content=\"980\" \/>\n\t<meta property=\"og:image:height\" content=\"653\" \/>\n\t<meta property=\"og:image:type\" content=\"image\/jpeg\" \/>\n<meta name=\"twitter:card\" content=\"summary_large_image\" \/>\n<meta name=\"twitter:site\" content=\"@costeira_es\" \/>\n<meta name=\"twitter:label1\" content=\"Est. reading time\" \/>\n\t<meta name=\"twitter:data1\" content=\"3 minutes\" \/>\n<script type=\"application\/ld+json\" class=\"yoast-schema-graph\">{\"@context\":\"https:\/\/schema.org\",\"@graph\":[{\"@type\":\"WebPage\",\"@id\":\"https:\/\/costeira.wine\/en\/returns\/\",\"url\":\"https:\/\/costeira.wine\/en\/returns\/\",\"name\":\"Returns - Vi\u00f1a costeira\",\"isPartOf\":{\"@id\":\"https:\/\/costeira.wine\/#website\"},\"datePublished\":\"2022-01-27T16:06:45+00:00\",\"dateModified\":\"2022-03-08T10:14:05+00:00\",\"breadcrumb\":{\"@id\":\"https:\/\/costeira.wine\/en\/returns\/#breadcrumb\"},\"inLanguage\":\"en-US\",\"potentialAction\":[{\"@type\":\"ReadAction\",\"target\":[\"https:\/\/costeira.wine\/en\/returns\/\"]}]},{\"@type\":\"BreadcrumbList\",\"@id\":\"https:\/\/costeira.wine\/en\/returns\/#breadcrumb\",\"itemListElement\":[{\"@type\":\"ListItem\",\"position\":1,\"name\":\"Portada\",\"item\":\"https:\/\/costeira.wine\/\"},{\"@type\":\"ListItem\",\"position\":2,\"name\":\"Returns\"}]},{\"@type\":\"WebSite\",\"@id\":\"https:\/\/costeira.wine\/#website\",\"url\":\"https:\/\/costeira.wine\/\",\"name\":\"Vi\u00f1a costeira\",\"description\":\"En la bodega Vi\u00f1a Costeira elaboramos vinos de D.O. Ribeiro y Valdeorras. Nuestros productos nos han convertido en la mejor bodega de Espa\u00f1a. \u00a1Con\u00f3cenos!\",\"publisher\":{\"@id\":\"https:\/\/costeira.wine\/#organization\"},\"potentialAction\":[{\"@type\":\"SearchAction\",\"target\":{\"@type\":\"EntryPoint\",\"urlTemplate\":\"https:\/\/costeira.wine\/?s={search_term_string}\"},\"query-input\":{\"@type\":\"PropertyValueSpecification\",\"valueRequired\":true,\"valueName\":\"search_term_string\"}}],\"inLanguage\":\"en-US\"},{\"@type\":\"Organization\",\"@id\":\"https:\/\/costeira.wine\/#organization\",\"name\":\"Vi\u00f1a costeira\",\"url\":\"https:\/\/costeira.wine\/\",\"logo\":{\"@type\":\"ImageObject\",\"inLanguage\":\"en-US\",\"@id\":\"https:\/\/costeira.wine\/#\/schema\/logo\/image\/\",\"url\":\"https:\/\/costeira.wine\/wp-content\/uploads\/2021\/06\/logo_vina_costeira.svg\",\"contentUrl\":\"https:\/\/costeira.wine\/wp-content\/uploads\/2021\/06\/logo_vina_costeira.svg\",\"width\":1024,\"height\":100,\"caption\":\"Vi\u00f1a costeira\"},\"image\":{\"@id\":\"https:\/\/costeira.wine\/#\/schema\/logo\/image\/\"},\"sameAs\":[\"https:\/\/www.facebook.com\/vinacosteira\/\",\"https:\/\/x.com\/costeira_es\",\"https:\/\/www.instagram.com\/costeira.es\/\",\"https:\/\/www.linkedin.com\/company\/vi\u00f1a-costeira\/\",\"https:\/\/www.youtube.com\/channel\/UCx-kNrCaW0EIlxNK7nBRyfA\"]}]}<\/script>\n<!-- \/ Yoast SEO plugin. -->","yoast_head_json":{"title":"Returns - Vi\u00f1a costeira","robots":{"index":"index","follow":"follow","max-snippet":"max-snippet:-1","max-image-preview":"max-image-preview:large","max-video-preview":"max-video-preview:-1"},"canonical":"https:\/\/costeira.wine\/en\/returns\/","og_locale":"en_US","og_type":"article","og_title":"Returns - Vi\u00f1a costeira","og_description":"Returns 1. SHIPPING Delivery times for products in stock are 2-3 business days. If no logistic service is available due to the winery being closed for public holiday or by agreement, times could be longer than usual. If there is a problem with the stock, we will contact the client to notify him\/her and ask [&hellip;]","og_url":"https:\/\/costeira.wine\/en\/returns\/","og_site_name":"Vi\u00f1a costeira","article_publisher":"https:\/\/www.facebook.com\/vinacosteira\/","article_modified_time":"2022-03-08T10:14:05+00:00","og_image":[{"width":980,"height":653,"url":"https:\/\/costeira.wine\/wp-content\/uploads\/2021\/07\/costeira_estrellas_000175-low-980x653-1.jpg","type":"image\/jpeg"}],"twitter_card":"summary_large_image","twitter_site":"@costeira_es","twitter_misc":{"Est. reading time":"3 minutes"},"schema":{"@context":"https:\/\/schema.org","@graph":[{"@type":"WebPage","@id":"https:\/\/costeira.wine\/en\/returns\/","url":"https:\/\/costeira.wine\/en\/returns\/","name":"Returns - Vi\u00f1a costeira","isPartOf":{"@id":"https:\/\/costeira.wine\/#website"},"datePublished":"2022-01-27T16:06:45+00:00","dateModified":"2022-03-08T10:14:05+00:00","breadcrumb":{"@id":"https:\/\/costeira.wine\/en\/returns\/#breadcrumb"},"inLanguage":"en-US","potentialAction":[{"@type":"ReadAction","target":["https:\/\/costeira.wine\/en\/returns\/"]}]},{"@type":"BreadcrumbList","@id":"https:\/\/costeira.wine\/en\/returns\/#breadcrumb","itemListElement":[{"@type":"ListItem","position":1,"name":"Portada","item":"https:\/\/costeira.wine\/"},{"@type":"ListItem","position":2,"name":"Returns"}]},{"@type":"WebSite","@id":"https:\/\/costeira.wine\/#website","url":"https:\/\/costeira.wine\/","name":"Vi\u00f1a costeira","description":"En la bodega Vi\u00f1a Costeira elaboramos vinos de D.O. Ribeiro y Valdeorras. Nuestros productos nos han convertido en la mejor bodega de Espa\u00f1a. \u00a1Con\u00f3cenos!","publisher":{"@id":"https:\/\/costeira.wine\/#organization"},"potentialAction":[{"@type":"SearchAction","target":{"@type":"EntryPoint","urlTemplate":"https:\/\/costeira.wine\/?s={search_term_string}"},"query-input":{"@type":"PropertyValueSpecification","valueRequired":true,"valueName":"search_term_string"}}],"inLanguage":"en-US"},{"@type":"Organization","@id":"https:\/\/costeira.wine\/#organization","name":"Vi\u00f1a costeira","url":"https:\/\/costeira.wine\/","logo":{"@type":"ImageObject","inLanguage":"en-US","@id":"https:\/\/costeira.wine\/#\/schema\/logo\/image\/","url":"https:\/\/costeira.wine\/wp-content\/uploads\/2021\/06\/logo_vina_costeira.svg","contentUrl":"https:\/\/costeira.wine\/wp-content\/uploads\/2021\/06\/logo_vina_costeira.svg","width":1024,"height":100,"caption":"Vi\u00f1a costeira"},"image":{"@id":"https:\/\/costeira.wine\/#\/schema\/logo\/image\/"},"sameAs":["https:\/\/www.facebook.com\/vinacosteira\/","https:\/\/x.com\/costeira_es","https:\/\/www.instagram.com\/costeira.es\/","https:\/\/www.linkedin.com\/company\/vi\u00f1a-costeira\/","https:\/\/www.youtube.com\/channel\/UCx-kNrCaW0EIlxNK7nBRyfA"]}]}},"_links":{"self":[{"href":"https:\/\/costeira.wine\/en\/wp-json\/wp\/v2\/pages\/226123","targetHints":{"allow":["GET"]}}],"collection":[{"href":"https:\/\/costeira.wine\/en\/wp-json\/wp\/v2\/pages"}],"about":[{"href":"https:\/\/costeira.wine\/en\/wp-json\/wp\/v2\/types\/page"}],"author":[{"embeddable":true,"href":"https:\/\/costeira.wine\/en\/wp-json\/wp\/v2\/users\/1"}],"replies":[{"embeddable":true,"href":"https:\/\/costeira.wine\/en\/wp-json\/wp\/v2\/comments?post=226123"}],"version-history":[{"count":1,"href":"https:\/\/costeira.wine\/en\/wp-json\/wp\/v2\/pages\/226123\/revisions"}],"predecessor-version":[{"id":226363,"href":"https:\/\/costeira.wine\/en\/wp-json\/wp\/v2\/pages\/226123\/revisions\/226363"}],"wp:attachment":[{"href":"https:\/\/costeira.wine\/en\/wp-json\/wp\/v2\/media?parent=226123"}],"curies":[{"name":"wp","href":"https:\/\/api.w.org\/{rel}","templated":true}]}}