{"id":226321,"date":"2021-07-01T19:05:32","date_gmt":"2022-03-07T11:27:03","guid":{"rendered":"https:\/\/costeira.wine\/tienda\/sin%20categor\u00eda\/vina-costeira-mencia\/"},"modified":"2022-03-29T07:20:21","modified_gmt":"2022-03-29T06:20:21","slug":"vina-costeira-mencia","status":"publish","type":"product","link":"https:\/\/costeira.wine\/en\/tienda\/denomination-of-origin\/do-valdeorras-en\/vina-costeira-mencia\/","title":{"rendered":"Vi\u00f1a Costeira Menc\u00eda"},"content":{"rendered":"<p>The magic of Valdeorras, its land and climate captivated us to transfer our project to a new Designation of Origin to recover the native grapes. Vi\u00f1a Costeira Menc\u00eda was born, from our winery in the Valdeorras D.O., the best option to taste the typical characteristics of the slopes of the Sil and Bibei rivers.<\/p>\n<p>A blend of the red grape, Menc\u00eda, and some notes of varieties such as Sous\u00f3n and Garnacha from old vines. These plantations of our own vineyards allow us to obtain the maximum expression of the estate wines of the area.<\/p>\n<p>It is Vi\u00f1a Costeira&#8217;s commitment to the development of rural Galicia that makes it possible to enjoy this extraordinary Menc\u00eda.<\/p>\n","protected":false},"excerpt":{"rendered":"<p>The magic of Valdeorras, its land and climate captivated us to transfer our project to a new Designation of Origin to recover the native grapes. Vi\u00f1a Costeira Menc\u00eda was born, from our winery in the Valdeorras D.O., the best option to taste the typical characteristics of the slopes of the Sil and Bibei rivers. A [&hellip;]<\/p>\n","protected":false},"featured_media":226669,"template":"","meta":[],"product_brand":[],"product_cat":[172,174,173,171,166],"product_tag":[],"gift":[],"color":[305],"grape":[314,315,318],"woo-feed-brand":[],"class_list":{"0":"post-226321","1":"product","2":"type-product","3":"status-publish","4":"has-post-thumbnail","6":"product_cat-do-valdeorras-en","7":"product_cat-red-en","8":"product_cat-valdeorras-en","9":"product_cat-vina-costeira-valdeorras-en","10":"product_cat-wine","11":"color-red","12":"grape-garnacha-cepas-viejas-en","13":"grape-mencia-en","14":"grape-souson-en","16":"first","17":"instock","18":"shipping-taxable","19":"purchasable","20":"product-type-variable","21":"has-default-attributes"},"yoast_head":"<!-- This site is optimized with the Yoast SEO plugin v24.8.1 - https:\/\/yoast.com\/wordpress\/plugins\/seo\/ -->\n<title>Vino Menc\u00eda | Buy Menc\u00eda wine | Vi\u00f1a Costeira<\/title>\n<meta name=\"description\" content=\"If you are interested in buying Vi\u00f1a Costeira Menc\u00eda wine, you can do it very easily on our website. More info here!\" \/>\n<meta name=\"robots\" content=\"index, follow, max-snippet:-1, max-image-preview:large, max-video-preview:-1\" \/>\n<link rel=\"canonical\" href=\"https:\/\/costeira.wine\/en\/tienda\/denomination-of-origin\/do-valdeorras-en\/vina-costeira-mencia\/\" \/>\n<meta property=\"og:locale\" content=\"en_US\" \/>\n<meta property=\"og:type\" content=\"article\" \/>\n<meta property=\"og:title\" content=\"Vino Menc\u00eda | Buy Menc\u00eda wine | Vi\u00f1a Costeira\" \/>\n<meta property=\"og:description\" content=\"If you are interested in buying Vi\u00f1a Costeira Menc\u00eda wine, you can do it very easily on our website. More info here!\" \/>\n<meta property=\"og:url\" content=\"https:\/\/costeira.wine\/en\/tienda\/denomination-of-origin\/do-valdeorras-en\/vina-costeira-mencia\/\" \/>\n<meta property=\"og:site_name\" content=\"Vi\u00f1a costeira\" \/>\n<meta property=\"article:publisher\" content=\"https:\/\/www.facebook.com\/vinacosteira\/\" \/>\n<meta property=\"article:modified_time\" content=\"2022-03-29T06:20:21+00:00\" \/>\n<meta property=\"og:image\" content=\"https:\/\/costeira.wine\/wp-content\/uploads\/2021\/07\/costeira-bodegon-mencia.jpg\" \/>\n\t<meta property=\"og:image:width\" content=\"1024\" \/>\n\t<meta property=\"og:image:height\" content=\"1024\" \/>\n\t<meta property=\"og:image:type\" content=\"image\/jpeg\" \/>\n<meta name=\"twitter:card\" content=\"summary_large_image\" \/>\n<meta name=\"twitter:site\" content=\"@costeira_es\" \/>\n<meta name=\"twitter:label1\" content=\"Est. reading time\" \/>\n\t<meta name=\"twitter:data1\" content=\"1 minute\" \/>\n<script type=\"application\/ld+json\" class=\"yoast-schema-graph\">{\"@context\":\"https:\/\/schema.org\",\"@graph\":[{\"@type\":\"WebPage\",\"@id\":\"https:\/\/costeira.wine\/en\/tienda\/denomination-of-origin\/do-valdeorras-en\/vina-costeira-mencia\/\",\"url\":\"https:\/\/costeira.wine\/en\/tienda\/denomination-of-origin\/do-valdeorras-en\/vina-costeira-mencia\/\",\"name\":\"Vino Menc\u00eda | Buy Menc\u00eda wine | Vi\u00f1a Costeira\",\"isPartOf\":{\"@id\":\"https:\/\/costeira.wine\/#website\"},\"primaryImageOfPage\":{\"@id\":\"https:\/\/costeira.wine\/en\/tienda\/denomination-of-origin\/do-valdeorras-en\/vina-costeira-mencia\/#primaryimage\"},\"image\":{\"@id\":\"https:\/\/costeira.wine\/en\/tienda\/denomination-of-origin\/do-valdeorras-en\/vina-costeira-mencia\/#primaryimage\"},\"thumbnailUrl\":\"https:\/\/costeira.wine\/wp-content\/uploads\/2021\/07\/costeira-bodegon-mencia.jpg\",\"datePublished\":\"2022-03-07T11:27:03+00:00\",\"dateModified\":\"2022-03-29T06:20:21+00:00\",\"description\":\"If you are interested in buying Vi\u00f1a Costeira Menc\u00eda wine, you can do it very easily on our website. More info here!\",\"breadcrumb\":{\"@id\":\"https:\/\/costeira.wine\/en\/tienda\/denomination-of-origin\/do-valdeorras-en\/vina-costeira-mencia\/#breadcrumb\"},\"inLanguage\":\"en-US\",\"potentialAction\":[{\"@type\":\"ReadAction\",\"target\":[\"https:\/\/costeira.wine\/en\/tienda\/denomination-of-origin\/do-valdeorras-en\/vina-costeira-mencia\/\"]}]},{\"@type\":\"ImageObject\",\"inLanguage\":\"en-US\",\"@id\":\"https:\/\/costeira.wine\/en\/tienda\/denomination-of-origin\/do-valdeorras-en\/vina-costeira-mencia\/#primaryimage\",\"url\":\"https:\/\/costeira.wine\/wp-content\/uploads\/2021\/07\/costeira-bodegon-mencia.jpg\",\"contentUrl\":\"https:\/\/costeira.wine\/wp-content\/uploads\/2021\/07\/costeira-bodegon-mencia.jpg\",\"width\":1024,\"height\":1024},{\"@type\":\"BreadcrumbList\",\"@id\":\"https:\/\/costeira.wine\/en\/tienda\/denomination-of-origin\/do-valdeorras-en\/vina-costeira-mencia\/#breadcrumb\",\"itemListElement\":[{\"@type\":\"ListItem\",\"position\":1,\"name\":\"Portada\",\"item\":\"https:\/\/costeira.wine\/\"},{\"@type\":\"ListItem\",\"position\":2,\"name\":\"Tienda\",\"item\":\"https:\/\/costeira.wine\/tienda\/\"},{\"@type\":\"ListItem\",\"position\":3,\"name\":\"Vi\u00f1a Costeira Menc\u00eda\"}]},{\"@type\":\"WebSite\",\"@id\":\"https:\/\/costeira.wine\/#website\",\"url\":\"https:\/\/costeira.wine\/\",\"name\":\"Vi\u00f1a costeira\",\"description\":\"En la bodega Vi\u00f1a Costeira elaboramos vinos de D.O. Ribeiro y Valdeorras. Nuestros productos nos han convertido en la mejor bodega de Espa\u00f1a. \u00a1Con\u00f3cenos!\",\"publisher\":{\"@id\":\"https:\/\/costeira.wine\/#organization\"},\"potentialAction\":[{\"@type\":\"SearchAction\",\"target\":{\"@type\":\"EntryPoint\",\"urlTemplate\":\"https:\/\/costeira.wine\/?s={search_term_string}\"},\"query-input\":{\"@type\":\"PropertyValueSpecification\",\"valueRequired\":true,\"valueName\":\"search_term_string\"}}],\"inLanguage\":\"en-US\"},{\"@type\":\"Organization\",\"@id\":\"https:\/\/costeira.wine\/#organization\",\"name\":\"Vi\u00f1a costeira\",\"url\":\"https:\/\/costeira.wine\/\",\"logo\":{\"@type\":\"ImageObject\",\"inLanguage\":\"en-US\",\"@id\":\"https:\/\/costeira.wine\/#\/schema\/logo\/image\/\",\"url\":\"https:\/\/costeira.wine\/wp-content\/uploads\/2021\/06\/logo_vina_costeira.svg\",\"contentUrl\":\"https:\/\/costeira.wine\/wp-content\/uploads\/2021\/06\/logo_vina_costeira.svg\",\"width\":1024,\"height\":100,\"caption\":\"Vi\u00f1a costeira\"},\"image\":{\"@id\":\"https:\/\/costeira.wine\/#\/schema\/logo\/image\/\"},\"sameAs\":[\"https:\/\/www.facebook.com\/vinacosteira\/\",\"https:\/\/x.com\/costeira_es\",\"https:\/\/www.instagram.com\/costeira.es\/\",\"https:\/\/www.linkedin.com\/company\/vi\u00f1a-costeira\/\",\"https:\/\/www.youtube.com\/channel\/UCx-kNrCaW0EIlxNK7nBRyfA\"]}]}<\/script>\n<!-- \/ Yoast SEO plugin. -->","yoast_head_json":{"title":"Vino Menc\u00eda | Buy Menc\u00eda wine | Vi\u00f1a Costeira","description":"If you are interested in buying Vi\u00f1a Costeira Menc\u00eda wine, you can do it very easily on our website. More info here!","robots":{"index":"index","follow":"follow","max-snippet":"max-snippet:-1","max-image-preview":"max-image-preview:large","max-video-preview":"max-video-preview:-1"},"canonical":"https:\/\/costeira.wine\/en\/tienda\/denomination-of-origin\/do-valdeorras-en\/vina-costeira-mencia\/","og_locale":"en_US","og_type":"article","og_title":"Vino Menc\u00eda | Buy Menc\u00eda wine | Vi\u00f1a Costeira","og_description":"If you are interested in buying Vi\u00f1a Costeira Menc\u00eda wine, you can do it very easily on our website. More info here!","og_url":"https:\/\/costeira.wine\/en\/tienda\/denomination-of-origin\/do-valdeorras-en\/vina-costeira-mencia\/","og_site_name":"Vi\u00f1a costeira","article_publisher":"https:\/\/www.facebook.com\/vinacosteira\/","article_modified_time":"2022-03-29T06:20:21+00:00","og_image":[{"width":1024,"height":1024,"url":"https:\/\/costeira.wine\/wp-content\/uploads\/2021\/07\/costeira-bodegon-mencia.jpg","type":"image\/jpeg"}],"twitter_card":"summary_large_image","twitter_site":"@costeira_es","twitter_misc":{"Est. reading time":"1 minute"},"schema":{"@context":"https:\/\/schema.org","@graph":[{"@type":"WebPage","@id":"https:\/\/costeira.wine\/en\/tienda\/denomination-of-origin\/do-valdeorras-en\/vina-costeira-mencia\/","url":"https:\/\/costeira.wine\/en\/tienda\/denomination-of-origin\/do-valdeorras-en\/vina-costeira-mencia\/","name":"Vino Menc\u00eda | Buy Menc\u00eda wine | Vi\u00f1a Costeira","isPartOf":{"@id":"https:\/\/costeira.wine\/#website"},"primaryImageOfPage":{"@id":"https:\/\/costeira.wine\/en\/tienda\/denomination-of-origin\/do-valdeorras-en\/vina-costeira-mencia\/#primaryimage"},"image":{"@id":"https:\/\/costeira.wine\/en\/tienda\/denomination-of-origin\/do-valdeorras-en\/vina-costeira-mencia\/#primaryimage"},"thumbnailUrl":"https:\/\/costeira.wine\/wp-content\/uploads\/2021\/07\/costeira-bodegon-mencia.jpg","datePublished":"2022-03-07T11:27:03+00:00","dateModified":"2022-03-29T06:20:21+00:00","description":"If you are interested in buying Vi\u00f1a Costeira Menc\u00eda wine, you can do it very easily on our website. More info here!","breadcrumb":{"@id":"https:\/\/costeira.wine\/en\/tienda\/denomination-of-origin\/do-valdeorras-en\/vina-costeira-mencia\/#breadcrumb"},"inLanguage":"en-US","potentialAction":[{"@type":"ReadAction","target":["https:\/\/costeira.wine\/en\/tienda\/denomination-of-origin\/do-valdeorras-en\/vina-costeira-mencia\/"]}]},{"@type":"ImageObject","inLanguage":"en-US","@id":"https:\/\/costeira.wine\/en\/tienda\/denomination-of-origin\/do-valdeorras-en\/vina-costeira-mencia\/#primaryimage","url":"https:\/\/costeira.wine\/wp-content\/uploads\/2021\/07\/costeira-bodegon-mencia.jpg","contentUrl":"https:\/\/costeira.wine\/wp-content\/uploads\/2021\/07\/costeira-bodegon-mencia.jpg","width":1024,"height":1024},{"@type":"BreadcrumbList","@id":"https:\/\/costeira.wine\/en\/tienda\/denomination-of-origin\/do-valdeorras-en\/vina-costeira-mencia\/#breadcrumb","itemListElement":[{"@type":"ListItem","position":1,"name":"Portada","item":"https:\/\/costeira.wine\/"},{"@type":"ListItem","position":2,"name":"Tienda","item":"https:\/\/costeira.wine\/tienda\/"},{"@type":"ListItem","position":3,"name":"Vi\u00f1a Costeira Menc\u00eda"}]},{"@type":"WebSite","@id":"https:\/\/costeira.wine\/#website","url":"https:\/\/costeira.wine\/","name":"Vi\u00f1a costeira","description":"En la bodega Vi\u00f1a Costeira elaboramos vinos de D.O. Ribeiro y Valdeorras. Nuestros productos nos han convertido en la mejor bodega de Espa\u00f1a. \u00a1Con\u00f3cenos!","publisher":{"@id":"https:\/\/costeira.wine\/#organization"},"potentialAction":[{"@type":"SearchAction","target":{"@type":"EntryPoint","urlTemplate":"https:\/\/costeira.wine\/?s={search_term_string}"},"query-input":{"@type":"PropertyValueSpecification","valueRequired":true,"valueName":"search_term_string"}}],"inLanguage":"en-US"},{"@type":"Organization","@id":"https:\/\/costeira.wine\/#organization","name":"Vi\u00f1a costeira","url":"https:\/\/costeira.wine\/","logo":{"@type":"ImageObject","inLanguage":"en-US","@id":"https:\/\/costeira.wine\/#\/schema\/logo\/image\/","url":"https:\/\/costeira.wine\/wp-content\/uploads\/2021\/06\/logo_vina_costeira.svg","contentUrl":"https:\/\/costeira.wine\/wp-content\/uploads\/2021\/06\/logo_vina_costeira.svg","width":1024,"height":100,"caption":"Vi\u00f1a costeira"},"image":{"@id":"https:\/\/costeira.wine\/#\/schema\/logo\/image\/"},"sameAs":["https:\/\/www.facebook.com\/vinacosteira\/","https:\/\/x.com\/costeira_es","https:\/\/www.instagram.com\/costeira.es\/","https:\/\/www.linkedin.com\/company\/vi\u00f1a-costeira\/","https:\/\/www.youtube.com\/channel\/UCx-kNrCaW0EIlxNK7nBRyfA"]}]}},"_links":{"self":[{"href":"https:\/\/costeira.wine\/en\/wp-json\/wp\/v2\/product\/226321","targetHints":{"allow":["GET"]}}],"collection":[{"href":"https:\/\/costeira.wine\/en\/wp-json\/wp\/v2\/product"}],"about":[{"href":"https:\/\/costeira.wine\/en\/wp-json\/wp\/v2\/types\/product"}],"wp:featuredmedia":[{"embeddable":true,"href":"https:\/\/costeira.wine\/en\/wp-json\/wp\/v2\/media\/226669"}],"wp:attachment":[{"href":"https:\/\/costeira.wine\/en\/wp-json\/wp\/v2\/media?parent=226321"}],"wp:term":[{"taxonomy":"product_brand","embeddable":true,"href":"https:\/\/costeira.wine\/en\/wp-json\/wp\/v2\/product_brand?post=226321"},{"taxonomy":"product_cat","embeddable":true,"href":"https:\/\/costeira.wine\/en\/wp-json\/wp\/v2\/product_cat?post=226321"},{"taxonomy":"product_tag","embeddable":true,"href":"https:\/\/costeira.wine\/en\/wp-json\/wp\/v2\/product_tag?post=226321"},{"taxonomy":"gift","embeddable":true,"href":"https:\/\/costeira.wine\/en\/wp-json\/wp\/v2\/gift?post=226321"},{"taxonomy":"color","embeddable":true,"href":"https:\/\/costeira.wine\/en\/wp-json\/wp\/v2\/color?post=226321"},{"taxonomy":"grape","embeddable":true,"href":"https:\/\/costeira.wine\/en\/wp-json\/wp\/v2\/grape?post=226321"},{"taxonomy":"woo-feed-brand","embeddable":true,"href":"https:\/\/costeira.wine\/en\/wp-json\/wp\/v2\/woo-feed-brand?post=226321"}],"curies":[{"name":"wp","href":"https:\/\/api.w.org\/{rel}","templated":true}]}}