{"id":226329,"date":"2021-07-01T18:58:13","date_gmt":"2022-03-07T12:40:00","guid":{"rendered":"https:\/\/costeira.wine\/tienda\/sin%20categor\u00eda\/via-barrosa-godello\/"},"modified":"2022-03-29T07:13:10","modified_gmt":"2022-03-29T06:13:10","slug":"via-barrosa-godello","status":"publish","type":"product","link":"https:\/\/costeira.wine\/en\/tienda\/denomination-of-origin\/do-valdeorras-en\/via-barrosa-godello\/","title":{"rendered":"V\u00eda Barrosa Godello"},"content":{"rendered":"<p>Galician Hipster Wines, this is how the V\u00eda Barrosa family of varietals is presented. The perfect opportunity to enjoy the most representative grape varieties of Galician culture. The brand takes its name from one of the Roman roads that connected Galicia with Rome, the capital of the Empire. For this reason, animals associated with the environment and very present in popular culture are represented.<\/p>\n<p>An elegant 19th century &#8220;Curuxa&#8221; conveys the elegance of the Godello grape from Valdeorras. Refined, subtle and enchanting, it takes us to a world where the magical merges with the real. These are the wines of V\u00eda Barrosa, preserving the tradition and with a touch of fun, close to the land where they were born.<\/p>\n","protected":false},"excerpt":{"rendered":"<p>Galician Hipster Wines, this is how the V\u00eda Barrosa family of varietals is presented. The perfect opportunity to enjoy the most representative grape varieties of Galician culture. The brand takes its name from one of the Roman roads that connected Galicia with Rome, the capital of the Empire. For this reason, animals associated with the [&hellip;]<\/p>\n","protected":false},"featured_media":226838,"template":"","meta":[],"product_brand":[],"product_cat":[172,173,171,175,166],"product_tag":[],"gift":[],"color":[304],"grape":[310],"woo-feed-brand":[],"class_list":{"0":"post-226329","1":"product","2":"type-product","3":"status-publish","4":"has-post-thumbnail","6":"product_cat-do-valdeorras-en","7":"product_cat-valdeorras-en","8":"product_cat-vina-costeira-valdeorras-en","9":"product_cat-white-en","10":"product_cat-wine","11":"color-white","12":"grape-godello-en","14":"first","15":"instock","16":"shipping-taxable","17":"purchasable","18":"product-type-variable","19":"has-default-attributes"},"yoast_head":"<!-- This site is optimized with the Yoast SEO plugin v24.8.1 - https:\/\/yoast.com\/wordpress\/plugins\/seo\/ -->\n<title>V\u00eda Barrosa Godello - Galicia Wine Wineries - Vi\u00f1a Costeira<\/title>\n<meta name=\"description\" content=\"V\u00eda Barrosa Godello brings you the elegance of the Godello grape from Valdeorras. Buy now\" \/>\n<meta name=\"robots\" content=\"index, follow, max-snippet:-1, max-image-preview:large, max-video-preview:-1\" \/>\n<link rel=\"canonical\" href=\"https:\/\/costeira.wine\/en\/tienda\/denomination-of-origin\/do-valdeorras-en\/via-barrosa-godello\/\" \/>\n<meta property=\"og:locale\" content=\"en_US\" \/>\n<meta property=\"og:type\" content=\"article\" \/>\n<meta property=\"og:title\" content=\"V\u00eda Barrosa Godello - Galicia Wine Wineries - Vi\u00f1a Costeira\" \/>\n<meta property=\"og:description\" content=\"V\u00eda Barrosa Godello brings you the elegance of the Godello grape from Valdeorras. Buy now\" \/>\n<meta property=\"og:url\" content=\"https:\/\/costeira.wine\/en\/tienda\/denomination-of-origin\/do-valdeorras-en\/via-barrosa-godello\/\" \/>\n<meta property=\"og:site_name\" content=\"Vi\u00f1a costeira\" \/>\n<meta property=\"article:publisher\" content=\"https:\/\/www.facebook.com\/vinacosteira\/\" \/>\n<meta property=\"article:modified_time\" content=\"2022-03-29T06:13:10+00:00\" \/>\n<meta property=\"og:image\" content=\"https:\/\/costeira.wine\/wp-content\/uploads\/2021\/07\/barrosa-godello-web.jpg\" \/>\n\t<meta property=\"og:image:width\" content=\"1024\" \/>\n\t<meta property=\"og:image:height\" content=\"1024\" \/>\n\t<meta property=\"og:image:type\" content=\"image\/jpeg\" \/>\n<meta name=\"twitter:card\" content=\"summary_large_image\" \/>\n<meta name=\"twitter:site\" content=\"@costeira_es\" \/>\n<meta name=\"twitter:label1\" content=\"Est. reading time\" \/>\n\t<meta name=\"twitter:data1\" content=\"1 minute\" \/>\n<script type=\"application\/ld+json\" class=\"yoast-schema-graph\">{\"@context\":\"https:\/\/schema.org\",\"@graph\":[{\"@type\":\"WebPage\",\"@id\":\"https:\/\/costeira.wine\/en\/tienda\/denomination-of-origin\/do-valdeorras-en\/via-barrosa-godello\/\",\"url\":\"https:\/\/costeira.wine\/en\/tienda\/denomination-of-origin\/do-valdeorras-en\/via-barrosa-godello\/\",\"name\":\"V\u00eda Barrosa Godello - Galicia Wine Wineries - Vi\u00f1a Costeira\",\"isPartOf\":{\"@id\":\"https:\/\/costeira.wine\/#website\"},\"primaryImageOfPage\":{\"@id\":\"https:\/\/costeira.wine\/en\/tienda\/denomination-of-origin\/do-valdeorras-en\/via-barrosa-godello\/#primaryimage\"},\"image\":{\"@id\":\"https:\/\/costeira.wine\/en\/tienda\/denomination-of-origin\/do-valdeorras-en\/via-barrosa-godello\/#primaryimage\"},\"thumbnailUrl\":\"https:\/\/costeira.wine\/wp-content\/uploads\/2021\/07\/barrosa-godello-web.jpg\",\"datePublished\":\"2022-03-07T12:40:00+00:00\",\"dateModified\":\"2022-03-29T06:13:10+00:00\",\"description\":\"V\u00eda Barrosa Godello brings you the elegance of the Godello grape from Valdeorras. Buy now\",\"breadcrumb\":{\"@id\":\"https:\/\/costeira.wine\/en\/tienda\/denomination-of-origin\/do-valdeorras-en\/via-barrosa-godello\/#breadcrumb\"},\"inLanguage\":\"en-US\",\"potentialAction\":[{\"@type\":\"ReadAction\",\"target\":[\"https:\/\/costeira.wine\/en\/tienda\/denomination-of-origin\/do-valdeorras-en\/via-barrosa-godello\/\"]}]},{\"@type\":\"ImageObject\",\"inLanguage\":\"en-US\",\"@id\":\"https:\/\/costeira.wine\/en\/tienda\/denomination-of-origin\/do-valdeorras-en\/via-barrosa-godello\/#primaryimage\",\"url\":\"https:\/\/costeira.wine\/wp-content\/uploads\/2021\/07\/barrosa-godello-web.jpg\",\"contentUrl\":\"https:\/\/costeira.wine\/wp-content\/uploads\/2021\/07\/barrosa-godello-web.jpg\",\"width\":1024,\"height\":1024},{\"@type\":\"BreadcrumbList\",\"@id\":\"https:\/\/costeira.wine\/en\/tienda\/denomination-of-origin\/do-valdeorras-en\/via-barrosa-godello\/#breadcrumb\",\"itemListElement\":[{\"@type\":\"ListItem\",\"position\":1,\"name\":\"Portada\",\"item\":\"https:\/\/costeira.wine\/\"},{\"@type\":\"ListItem\",\"position\":2,\"name\":\"Tienda\",\"item\":\"https:\/\/costeira.wine\/tienda\/\"},{\"@type\":\"ListItem\",\"position\":3,\"name\":\"V\u00eda Barrosa Godello\"}]},{\"@type\":\"WebSite\",\"@id\":\"https:\/\/costeira.wine\/#website\",\"url\":\"https:\/\/costeira.wine\/\",\"name\":\"Vi\u00f1a costeira\",\"description\":\"En la bodega Vi\u00f1a Costeira elaboramos vinos de D.O. Ribeiro y Valdeorras. Nuestros productos nos han convertido en la mejor bodega de Espa\u00f1a. \u00a1Con\u00f3cenos!\",\"publisher\":{\"@id\":\"https:\/\/costeira.wine\/#organization\"},\"potentialAction\":[{\"@type\":\"SearchAction\",\"target\":{\"@type\":\"EntryPoint\",\"urlTemplate\":\"https:\/\/costeira.wine\/?s={search_term_string}\"},\"query-input\":{\"@type\":\"PropertyValueSpecification\",\"valueRequired\":true,\"valueName\":\"search_term_string\"}}],\"inLanguage\":\"en-US\"},{\"@type\":\"Organization\",\"@id\":\"https:\/\/costeira.wine\/#organization\",\"name\":\"Vi\u00f1a costeira\",\"url\":\"https:\/\/costeira.wine\/\",\"logo\":{\"@type\":\"ImageObject\",\"inLanguage\":\"en-US\",\"@id\":\"https:\/\/costeira.wine\/#\/schema\/logo\/image\/\",\"url\":\"https:\/\/costeira.wine\/wp-content\/uploads\/2021\/06\/logo_vina_costeira.svg\",\"contentUrl\":\"https:\/\/costeira.wine\/wp-content\/uploads\/2021\/06\/logo_vina_costeira.svg\",\"width\":1024,\"height\":100,\"caption\":\"Vi\u00f1a costeira\"},\"image\":{\"@id\":\"https:\/\/costeira.wine\/#\/schema\/logo\/image\/\"},\"sameAs\":[\"https:\/\/www.facebook.com\/vinacosteira\/\",\"https:\/\/x.com\/costeira_es\",\"https:\/\/www.instagram.com\/costeira.es\/\",\"https:\/\/www.linkedin.com\/company\/vi\u00f1a-costeira\/\",\"https:\/\/www.youtube.com\/channel\/UCx-kNrCaW0EIlxNK7nBRyfA\"]}]}<\/script>\n<!-- \/ Yoast SEO plugin. -->","yoast_head_json":{"title":"V\u00eda Barrosa Godello - Galicia Wine Wineries - Vi\u00f1a Costeira","description":"V\u00eda Barrosa Godello brings you the elegance of the Godello grape from Valdeorras. Buy now","robots":{"index":"index","follow":"follow","max-snippet":"max-snippet:-1","max-image-preview":"max-image-preview:large","max-video-preview":"max-video-preview:-1"},"canonical":"https:\/\/costeira.wine\/en\/tienda\/denomination-of-origin\/do-valdeorras-en\/via-barrosa-godello\/","og_locale":"en_US","og_type":"article","og_title":"V\u00eda Barrosa Godello - Galicia Wine Wineries - Vi\u00f1a Costeira","og_description":"V\u00eda Barrosa Godello brings you the elegance of the Godello grape from Valdeorras. Buy now","og_url":"https:\/\/costeira.wine\/en\/tienda\/denomination-of-origin\/do-valdeorras-en\/via-barrosa-godello\/","og_site_name":"Vi\u00f1a costeira","article_publisher":"https:\/\/www.facebook.com\/vinacosteira\/","article_modified_time":"2022-03-29T06:13:10+00:00","og_image":[{"width":1024,"height":1024,"url":"https:\/\/costeira.wine\/wp-content\/uploads\/2021\/07\/barrosa-godello-web.jpg","type":"image\/jpeg"}],"twitter_card":"summary_large_image","twitter_site":"@costeira_es","twitter_misc":{"Est. reading time":"1 minute"},"schema":{"@context":"https:\/\/schema.org","@graph":[{"@type":"WebPage","@id":"https:\/\/costeira.wine\/en\/tienda\/denomination-of-origin\/do-valdeorras-en\/via-barrosa-godello\/","url":"https:\/\/costeira.wine\/en\/tienda\/denomination-of-origin\/do-valdeorras-en\/via-barrosa-godello\/","name":"V\u00eda Barrosa Godello - Galicia Wine Wineries - Vi\u00f1a Costeira","isPartOf":{"@id":"https:\/\/costeira.wine\/#website"},"primaryImageOfPage":{"@id":"https:\/\/costeira.wine\/en\/tienda\/denomination-of-origin\/do-valdeorras-en\/via-barrosa-godello\/#primaryimage"},"image":{"@id":"https:\/\/costeira.wine\/en\/tienda\/denomination-of-origin\/do-valdeorras-en\/via-barrosa-godello\/#primaryimage"},"thumbnailUrl":"https:\/\/costeira.wine\/wp-content\/uploads\/2021\/07\/barrosa-godello-web.jpg","datePublished":"2022-03-07T12:40:00+00:00","dateModified":"2022-03-29T06:13:10+00:00","description":"V\u00eda Barrosa Godello brings you the elegance of the Godello grape from Valdeorras. Buy now","breadcrumb":{"@id":"https:\/\/costeira.wine\/en\/tienda\/denomination-of-origin\/do-valdeorras-en\/via-barrosa-godello\/#breadcrumb"},"inLanguage":"en-US","potentialAction":[{"@type":"ReadAction","target":["https:\/\/costeira.wine\/en\/tienda\/denomination-of-origin\/do-valdeorras-en\/via-barrosa-godello\/"]}]},{"@type":"ImageObject","inLanguage":"en-US","@id":"https:\/\/costeira.wine\/en\/tienda\/denomination-of-origin\/do-valdeorras-en\/via-barrosa-godello\/#primaryimage","url":"https:\/\/costeira.wine\/wp-content\/uploads\/2021\/07\/barrosa-godello-web.jpg","contentUrl":"https:\/\/costeira.wine\/wp-content\/uploads\/2021\/07\/barrosa-godello-web.jpg","width":1024,"height":1024},{"@type":"BreadcrumbList","@id":"https:\/\/costeira.wine\/en\/tienda\/denomination-of-origin\/do-valdeorras-en\/via-barrosa-godello\/#breadcrumb","itemListElement":[{"@type":"ListItem","position":1,"name":"Portada","item":"https:\/\/costeira.wine\/"},{"@type":"ListItem","position":2,"name":"Tienda","item":"https:\/\/costeira.wine\/tienda\/"},{"@type":"ListItem","position":3,"name":"V\u00eda Barrosa Godello"}]},{"@type":"WebSite","@id":"https:\/\/costeira.wine\/#website","url":"https:\/\/costeira.wine\/","name":"Vi\u00f1a costeira","description":"En la bodega Vi\u00f1a Costeira elaboramos vinos de D.O. Ribeiro y Valdeorras. Nuestros productos nos han convertido en la mejor bodega de Espa\u00f1a. \u00a1Con\u00f3cenos!","publisher":{"@id":"https:\/\/costeira.wine\/#organization"},"potentialAction":[{"@type":"SearchAction","target":{"@type":"EntryPoint","urlTemplate":"https:\/\/costeira.wine\/?s={search_term_string}"},"query-input":{"@type":"PropertyValueSpecification","valueRequired":true,"valueName":"search_term_string"}}],"inLanguage":"en-US"},{"@type":"Organization","@id":"https:\/\/costeira.wine\/#organization","name":"Vi\u00f1a costeira","url":"https:\/\/costeira.wine\/","logo":{"@type":"ImageObject","inLanguage":"en-US","@id":"https:\/\/costeira.wine\/#\/schema\/logo\/image\/","url":"https:\/\/costeira.wine\/wp-content\/uploads\/2021\/06\/logo_vina_costeira.svg","contentUrl":"https:\/\/costeira.wine\/wp-content\/uploads\/2021\/06\/logo_vina_costeira.svg","width":1024,"height":100,"caption":"Vi\u00f1a costeira"},"image":{"@id":"https:\/\/costeira.wine\/#\/schema\/logo\/image\/"},"sameAs":["https:\/\/www.facebook.com\/vinacosteira\/","https:\/\/x.com\/costeira_es","https:\/\/www.instagram.com\/costeira.es\/","https:\/\/www.linkedin.com\/company\/vi\u00f1a-costeira\/","https:\/\/www.youtube.com\/channel\/UCx-kNrCaW0EIlxNK7nBRyfA"]}]}},"_links":{"self":[{"href":"https:\/\/costeira.wine\/en\/wp-json\/wp\/v2\/product\/226329","targetHints":{"allow":["GET"]}}],"collection":[{"href":"https:\/\/costeira.wine\/en\/wp-json\/wp\/v2\/product"}],"about":[{"href":"https:\/\/costeira.wine\/en\/wp-json\/wp\/v2\/types\/product"}],"wp:featuredmedia":[{"embeddable":true,"href":"https:\/\/costeira.wine\/en\/wp-json\/wp\/v2\/media\/226838"}],"wp:attachment":[{"href":"https:\/\/costeira.wine\/en\/wp-json\/wp\/v2\/media?parent=226329"}],"wp:term":[{"taxonomy":"product_brand","embeddable":true,"href":"https:\/\/costeira.wine\/en\/wp-json\/wp\/v2\/product_brand?post=226329"},{"taxonomy":"product_cat","embeddable":true,"href":"https:\/\/costeira.wine\/en\/wp-json\/wp\/v2\/product_cat?post=226329"},{"taxonomy":"product_tag","embeddable":true,"href":"https:\/\/costeira.wine\/en\/wp-json\/wp\/v2\/product_tag?post=226329"},{"taxonomy":"gift","embeddable":true,"href":"https:\/\/costeira.wine\/en\/wp-json\/wp\/v2\/gift?post=226329"},{"taxonomy":"color","embeddable":true,"href":"https:\/\/costeira.wine\/en\/wp-json\/wp\/v2\/color?post=226329"},{"taxonomy":"grape","embeddable":true,"href":"https:\/\/costeira.wine\/en\/wp-json\/wp\/v2\/grape?post=226329"},{"taxonomy":"woo-feed-brand","embeddable":true,"href":"https:\/\/costeira.wine\/en\/wp-json\/wp\/v2\/woo-feed-brand?post=226329"}],"curies":[{"name":"wp","href":"https:\/\/api.w.org\/{rel}","templated":true}]}}