{"id":226333,"date":"2021-07-01T18:53:58","date_gmt":"2022-03-07T14:21:46","guid":{"rendered":"https:\/\/costeira.wine\/tienda\/sin%20categor\u00eda\/tambora-godello\/"},"modified":"2022-03-28T16:30:22","modified_gmt":"2022-03-28T15:30:22","slug":"tambora-godello","status":"publish","type":"product","link":"https:\/\/costeira.wine\/en\/tienda\/denomination-of-origin\/do-ribeiro-en\/tambora-godello\/","title":{"rendered":"Tambor\u00e1 Godello"},"content":{"rendered":"<p>The best Godello in Spain. In its short trajectory, Tambor\u00e1 has achieved great international recognition that confirms its excellent quality.<\/p>\n<p>From the Ribeiro costeiras, this wine shows the perfect balance, resulting in a very expressive Godello, with notes of white fruit, floral and botanical nuances.<\/p>\n<p>Tambor\u00e1 has a double sonorous name. For the phonetic part of the word itself, but also for its meaning, a tribute to a percussion instrument of medieval origin, which was widely used in Latin America. But his involvement with music does not end there. On its label you can see a pentagram with the beginning of the Galician anthem. A wine that carries Galicia in its entire being and invites you to discover the world.<\/p>\n","protected":false},"excerpt":{"rendered":"<p>The best Godello in Spain. In its short trajectory, Tambor\u00e1 has achieved great international recognition that confirms its excellent quality. From the Ribeiro costeiras, this wine shows the perfect balance, resulting in a very expressive Godello, with notes of white fruit, floral and botanical nuances. Tambor\u00e1 has a double sonorous name. For the phonetic part [&hellip;]<\/p>\n","protected":false},"featured_media":238183,"template":"","meta":[],"product_brand":[],"product_cat":[165,167,164,168,166],"product_tag":[],"gift":[],"color":[304],"grape":[310],"woo-feed-brand":[],"class_list":{"0":"post-226333","1":"product","2":"type-product","3":"status-publish","4":"has-post-thumbnail","6":"product_cat-do-ribeiro-en","7":"product_cat-ribeiro-en","8":"product_cat-vina-costeira-ribeiro-en","9":"product_cat-white","10":"product_cat-wine","11":"color-white","12":"grape-godello-en","14":"first","15":"instock","16":"shipping-taxable","17":"purchasable","18":"product-type-variable","19":"has-default-attributes"},"yoast_head":"<!-- This site is optimized with the Yoast SEO plugin v24.8.1 - https:\/\/yoast.com\/wordpress\/plugins\/seo\/ -->\n<title>Buy white wine Tambor\u00e1 de Godello | Vi\u00f1a Costeira<\/title>\n<meta name=\"description\" content=\"You still don&#039;t know the white wine Tambor\u00e1 de Godello? Its aroma and refreshing taste will surprise you. Discover it!\" \/>\n<meta name=\"robots\" content=\"index, follow, max-snippet:-1, max-image-preview:large, max-video-preview:-1\" \/>\n<link rel=\"canonical\" href=\"https:\/\/costeira.wine\/tienda\/vino\/ribeiro\/blanco\/tambora-godello\/\" \/>\n<meta property=\"og:locale\" content=\"en_US\" \/>\n<meta property=\"og:type\" content=\"article\" \/>\n<meta property=\"og:title\" content=\"Buy white wine Tambor\u00e1 de Godello | Vi\u00f1a Costeira\" \/>\n<meta property=\"og:description\" content=\"You still don&#039;t know the white wine Tambor\u00e1 de Godello? Its aroma and refreshing taste will surprise you. Discover it!\" \/>\n<meta property=\"og:url\" content=\"https:\/\/costeira.wine\/tienda\/vino\/ribeiro\/blanco\/tambora-godello\/\" \/>\n<meta property=\"og:site_name\" content=\"Vi\u00f1a costeira\" \/>\n<meta property=\"article:publisher\" content=\"https:\/\/www.facebook.com\/vinacosteira\/\" \/>\n<meta property=\"article:modified_time\" content=\"2022-03-28T15:30:22+00:00\" \/>\n<meta property=\"og:image\" content=\"https:\/\/costeira.wine\/wp-content\/uploads\/2021\/07\/tambora\u0301-web2-1.jpg\" \/>\n\t<meta property=\"og:image:width\" content=\"1024\" \/>\n\t<meta property=\"og:image:height\" content=\"1024\" \/>\n\t<meta property=\"og:image:type\" content=\"image\/jpeg\" \/>\n<meta name=\"twitter:card\" content=\"summary_large_image\" \/>\n<meta name=\"twitter:site\" content=\"@costeira_es\" \/>\n<meta name=\"twitter:label1\" content=\"Est. reading time\" \/>\n\t<meta name=\"twitter:data1\" content=\"1 minute\" \/>\n<script type=\"application\/ld+json\" class=\"yoast-schema-graph\">{\"@context\":\"https:\/\/schema.org\",\"@graph\":[{\"@type\":\"WebPage\",\"@id\":\"https:\/\/costeira.wine\/tienda\/vino\/ribeiro\/blanco\/tambora-godello\/\",\"url\":\"https:\/\/costeira.wine\/tienda\/vino\/ribeiro\/blanco\/tambora-godello\/\",\"name\":\"Buy white wine Tambor\u00e1 de Godello | Vi\u00f1a Costeira\",\"isPartOf\":{\"@id\":\"https:\/\/costeira.wine\/#website\"},\"primaryImageOfPage\":{\"@id\":\"https:\/\/costeira.wine\/tienda\/vino\/ribeiro\/blanco\/tambora-godello\/#primaryimage\"},\"image\":{\"@id\":\"https:\/\/costeira.wine\/tienda\/vino\/ribeiro\/blanco\/tambora-godello\/#primaryimage\"},\"thumbnailUrl\":\"https:\/\/costeira.wine\/wp-content\/uploads\/2021\/07\/tambora.png\",\"datePublished\":\"2022-03-07T14:21:46+00:00\",\"dateModified\":\"2022-03-28T15:30:22+00:00\",\"description\":\"You still don't know the white wine Tambor\u00e1 de Godello? Its aroma and refreshing taste will surprise you. Discover it!\",\"breadcrumb\":{\"@id\":\"https:\/\/costeira.wine\/tienda\/vino\/ribeiro\/blanco\/tambora-godello\/#breadcrumb\"},\"inLanguage\":\"en-US\",\"potentialAction\":[{\"@type\":\"ReadAction\",\"target\":[\"https:\/\/costeira.wine\/tienda\/vino\/ribeiro\/blanco\/tambora-godello\/\"]}]},{\"@type\":\"ImageObject\",\"inLanguage\":\"en-US\",\"@id\":\"https:\/\/costeira.wine\/tienda\/vino\/ribeiro\/blanco\/tambora-godello\/#primaryimage\",\"url\":\"https:\/\/costeira.wine\/wp-content\/uploads\/2021\/07\/tambora.png\",\"contentUrl\":\"https:\/\/costeira.wine\/wp-content\/uploads\/2021\/07\/tambora.png\",\"width\":1575,\"height\":1575},{\"@type\":\"BreadcrumbList\",\"@id\":\"https:\/\/costeira.wine\/tienda\/vino\/ribeiro\/blanco\/tambora-godello\/#breadcrumb\",\"itemListElement\":[{\"@type\":\"ListItem\",\"position\":1,\"name\":\"Portada\",\"item\":\"https:\/\/costeira.wine\/\"},{\"@type\":\"ListItem\",\"position\":2,\"name\":\"Tienda\",\"item\":\"https:\/\/costeira.wine\/tienda\/\"},{\"@type\":\"ListItem\",\"position\":3,\"name\":\"Tambor\u00e1 Godello\"}]},{\"@type\":\"WebSite\",\"@id\":\"https:\/\/costeira.wine\/#website\",\"url\":\"https:\/\/costeira.wine\/\",\"name\":\"Vi\u00f1a costeira\",\"description\":\"En la bodega Vi\u00f1a Costeira elaboramos vinos de D.O. Ribeiro y Valdeorras. Nuestros productos nos han convertido en la mejor bodega de Espa\u00f1a. \u00a1Con\u00f3cenos!\",\"publisher\":{\"@id\":\"https:\/\/costeira.wine\/#organization\"},\"potentialAction\":[{\"@type\":\"SearchAction\",\"target\":{\"@type\":\"EntryPoint\",\"urlTemplate\":\"https:\/\/costeira.wine\/?s={search_term_string}\"},\"query-input\":{\"@type\":\"PropertyValueSpecification\",\"valueRequired\":true,\"valueName\":\"search_term_string\"}}],\"inLanguage\":\"en-US\"},{\"@type\":\"Organization\",\"@id\":\"https:\/\/costeira.wine\/#organization\",\"name\":\"Vi\u00f1a costeira\",\"url\":\"https:\/\/costeira.wine\/\",\"logo\":{\"@type\":\"ImageObject\",\"inLanguage\":\"en-US\",\"@id\":\"https:\/\/costeira.wine\/#\/schema\/logo\/image\/\",\"url\":\"https:\/\/costeira.wine\/wp-content\/uploads\/2021\/06\/logo_vina_costeira.svg\",\"contentUrl\":\"https:\/\/costeira.wine\/wp-content\/uploads\/2021\/06\/logo_vina_costeira.svg\",\"width\":1024,\"height\":100,\"caption\":\"Vi\u00f1a costeira\"},\"image\":{\"@id\":\"https:\/\/costeira.wine\/#\/schema\/logo\/image\/\"},\"sameAs\":[\"https:\/\/www.facebook.com\/vinacosteira\/\",\"https:\/\/x.com\/costeira_es\",\"https:\/\/www.instagram.com\/costeira.es\/\",\"https:\/\/www.linkedin.com\/company\/vi\u00f1a-costeira\/\",\"https:\/\/www.youtube.com\/channel\/UCx-kNrCaW0EIlxNK7nBRyfA\"]}]}<\/script>\n<!-- \/ Yoast SEO plugin. -->","yoast_head_json":{"title":"Buy white wine Tambor\u00e1 de Godello | Vi\u00f1a Costeira","description":"You still don't know the white wine Tambor\u00e1 de Godello? Its aroma and refreshing taste will surprise you. Discover it!","robots":{"index":"index","follow":"follow","max-snippet":"max-snippet:-1","max-image-preview":"max-image-preview:large","max-video-preview":"max-video-preview:-1"},"canonical":"https:\/\/costeira.wine\/tienda\/vino\/ribeiro\/blanco\/tambora-godello\/","og_locale":"en_US","og_type":"article","og_title":"Buy white wine Tambor\u00e1 de Godello | Vi\u00f1a Costeira","og_description":"You still don't know the white wine Tambor\u00e1 de Godello? Its aroma and refreshing taste will surprise you. Discover it!","og_url":"https:\/\/costeira.wine\/tienda\/vino\/ribeiro\/blanco\/tambora-godello\/","og_site_name":"Vi\u00f1a costeira","article_publisher":"https:\/\/www.facebook.com\/vinacosteira\/","article_modified_time":"2022-03-28T15:30:22+00:00","og_image":[{"width":1024,"height":1024,"url":"https:\/\/costeira.wine\/wp-content\/uploads\/2021\/07\/tambora\u0301-web2-1.jpg","type":"image\/jpeg"}],"twitter_card":"summary_large_image","twitter_site":"@costeira_es","twitter_misc":{"Est. reading time":"1 minute"},"schema":{"@context":"https:\/\/schema.org","@graph":[{"@type":"WebPage","@id":"https:\/\/costeira.wine\/tienda\/vino\/ribeiro\/blanco\/tambora-godello\/","url":"https:\/\/costeira.wine\/tienda\/vino\/ribeiro\/blanco\/tambora-godello\/","name":"Buy white wine Tambor\u00e1 de Godello | Vi\u00f1a Costeira","isPartOf":{"@id":"https:\/\/costeira.wine\/#website"},"primaryImageOfPage":{"@id":"https:\/\/costeira.wine\/tienda\/vino\/ribeiro\/blanco\/tambora-godello\/#primaryimage"},"image":{"@id":"https:\/\/costeira.wine\/tienda\/vino\/ribeiro\/blanco\/tambora-godello\/#primaryimage"},"thumbnailUrl":"https:\/\/costeira.wine\/wp-content\/uploads\/2021\/07\/tambora.png","datePublished":"2022-03-07T14:21:46+00:00","dateModified":"2022-03-28T15:30:22+00:00","description":"You still don't know the white wine Tambor\u00e1 de Godello? Its aroma and refreshing taste will surprise you. Discover it!","breadcrumb":{"@id":"https:\/\/costeira.wine\/tienda\/vino\/ribeiro\/blanco\/tambora-godello\/#breadcrumb"},"inLanguage":"en-US","potentialAction":[{"@type":"ReadAction","target":["https:\/\/costeira.wine\/tienda\/vino\/ribeiro\/blanco\/tambora-godello\/"]}]},{"@type":"ImageObject","inLanguage":"en-US","@id":"https:\/\/costeira.wine\/tienda\/vino\/ribeiro\/blanco\/tambora-godello\/#primaryimage","url":"https:\/\/costeira.wine\/wp-content\/uploads\/2021\/07\/tambora.png","contentUrl":"https:\/\/costeira.wine\/wp-content\/uploads\/2021\/07\/tambora.png","width":1575,"height":1575},{"@type":"BreadcrumbList","@id":"https:\/\/costeira.wine\/tienda\/vino\/ribeiro\/blanco\/tambora-godello\/#breadcrumb","itemListElement":[{"@type":"ListItem","position":1,"name":"Portada","item":"https:\/\/costeira.wine\/"},{"@type":"ListItem","position":2,"name":"Tienda","item":"https:\/\/costeira.wine\/tienda\/"},{"@type":"ListItem","position":3,"name":"Tambor\u00e1 Godello"}]},{"@type":"WebSite","@id":"https:\/\/costeira.wine\/#website","url":"https:\/\/costeira.wine\/","name":"Vi\u00f1a costeira","description":"En la bodega Vi\u00f1a Costeira elaboramos vinos de D.O. Ribeiro y Valdeorras. Nuestros productos nos han convertido en la mejor bodega de Espa\u00f1a. \u00a1Con\u00f3cenos!","publisher":{"@id":"https:\/\/costeira.wine\/#organization"},"potentialAction":[{"@type":"SearchAction","target":{"@type":"EntryPoint","urlTemplate":"https:\/\/costeira.wine\/?s={search_term_string}"},"query-input":{"@type":"PropertyValueSpecification","valueRequired":true,"valueName":"search_term_string"}}],"inLanguage":"en-US"},{"@type":"Organization","@id":"https:\/\/costeira.wine\/#organization","name":"Vi\u00f1a costeira","url":"https:\/\/costeira.wine\/","logo":{"@type":"ImageObject","inLanguage":"en-US","@id":"https:\/\/costeira.wine\/#\/schema\/logo\/image\/","url":"https:\/\/costeira.wine\/wp-content\/uploads\/2021\/06\/logo_vina_costeira.svg","contentUrl":"https:\/\/costeira.wine\/wp-content\/uploads\/2021\/06\/logo_vina_costeira.svg","width":1024,"height":100,"caption":"Vi\u00f1a costeira"},"image":{"@id":"https:\/\/costeira.wine\/#\/schema\/logo\/image\/"},"sameAs":["https:\/\/www.facebook.com\/vinacosteira\/","https:\/\/x.com\/costeira_es","https:\/\/www.instagram.com\/costeira.es\/","https:\/\/www.linkedin.com\/company\/vi\u00f1a-costeira\/","https:\/\/www.youtube.com\/channel\/UCx-kNrCaW0EIlxNK7nBRyfA"]}]}},"_links":{"self":[{"href":"https:\/\/costeira.wine\/en\/wp-json\/wp\/v2\/product\/226333","targetHints":{"allow":["GET"]}}],"collection":[{"href":"https:\/\/costeira.wine\/en\/wp-json\/wp\/v2\/product"}],"about":[{"href":"https:\/\/costeira.wine\/en\/wp-json\/wp\/v2\/types\/product"}],"wp:featuredmedia":[{"embeddable":true,"href":"https:\/\/costeira.wine\/en\/wp-json\/wp\/v2\/media\/238183"}],"wp:attachment":[{"href":"https:\/\/costeira.wine\/en\/wp-json\/wp\/v2\/media?parent=226333"}],"wp:term":[{"taxonomy":"product_brand","embeddable":true,"href":"https:\/\/costeira.wine\/en\/wp-json\/wp\/v2\/product_brand?post=226333"},{"taxonomy":"product_cat","embeddable":true,"href":"https:\/\/costeira.wine\/en\/wp-json\/wp\/v2\/product_cat?post=226333"},{"taxonomy":"product_tag","embeddable":true,"href":"https:\/\/costeira.wine\/en\/wp-json\/wp\/v2\/product_tag?post=226333"},{"taxonomy":"gift","embeddable":true,"href":"https:\/\/costeira.wine\/en\/wp-json\/wp\/v2\/gift?post=226333"},{"taxonomy":"color","embeddable":true,"href":"https:\/\/costeira.wine\/en\/wp-json\/wp\/v2\/color?post=226333"},{"taxonomy":"grape","embeddable":true,"href":"https:\/\/costeira.wine\/en\/wp-json\/wp\/v2\/grape?post=226333"},{"taxonomy":"woo-feed-brand","embeddable":true,"href":"https:\/\/costeira.wine\/en\/wp-json\/wp\/v2\/woo-feed-brand?post=226333"}],"curies":[{"name":"wp","href":"https:\/\/api.w.org\/{rel}","templated":true}]}}