{"id":226349,"date":"2021-07-01T18:37:59","date_gmt":"2022-03-07T16:01:17","guid":{"rendered":"https:\/\/costeira.wine\/tienda\/sin%20categor\u00eda\/lua-de-costeira\/"},"modified":"2022-03-28T16:16:10","modified_gmt":"2022-03-28T15:16:10","slug":"lua-de-costeira","status":"publish","type":"product","link":"https:\/\/costeira.wine\/en\/tienda\/wineries\/vina-costeira-ribeiro-en\/lua-de-costeira\/","title":{"rendered":"L\u00faa de Costeira"},"content":{"rendered":"<p>Supportive sparkling wine from Galicia.<\/p>\n<p>This single varietal Treixadura stands out as a sweet wine, with explosive and intense bubbles. It is made with a first fermentation in stainless steel tanks and a second fermentation in the bottle with free yeasts. A subsequent ageing of 9 months in rhyme makes it the perfect accompaniment to any aperitif or after-dinner drink.<\/p>\n<p>The L\u00faa family of sparkling wines, made up of L\u00faa de Costeira, Lua Jazz and L\u00faa Jazz Brut Nature, are part of our solidarity project &#8220;Vi\u00f1a Costeira Rural Alzheimer&#8221; managed by AFAOR (Association of relatives with Alzheimer&#8217;s disease) in which all the profits obtained with these products are donated to this association.<\/p>\n","protected":false},"excerpt":{"rendered":"<p>Supportive sparkling wine from Galicia. This single varietal Treixadura stands out as a sweet wine, with explosive and intense bubbles. It is made with a first fermentation in stainless steel tanks and a second fermentation in the bottle with free yeasts. A subsequent ageing of 9 months in rhyme makes it the perfect accompaniment to [&hellip;]<\/p>\n","protected":false},"featured_media":237891,"template":"","meta":[],"product_brand":[],"product_cat":[163,164],"product_tag":[],"gift":[],"color":[],"grape":[],"woo-feed-brand":[],"class_list":{"0":"post-226349","1":"product","2":"type-product","3":"status-publish","4":"has-post-thumbnail","6":"product_cat-sparkling-wines","7":"product_cat-vina-costeira-ribeiro-en","9":"first","10":"instock","11":"shipping-taxable","12":"purchasable","13":"product-type-variable","14":"has-default-attributes"},"yoast_head":"<!-- This site is optimized with the Yoast SEO plugin v24.8.1 - https:\/\/yoast.com\/wordpress\/plugins\/seo\/ -->\n<title>L\u00faa de Costeira - Galicia Wine Wineries- Vi\u00f1a Costeira<\/title>\n<meta name=\"description\" content=\"Do you know the wine L\u00faa de Costeira? This sparkling wine has the best price-quality value and a great taste. Buy it now!\" \/>\n<meta name=\"robots\" content=\"index, follow, max-snippet:-1, max-image-preview:large, max-video-preview:-1\" \/>\n<link rel=\"canonical\" href=\"https:\/\/costeira.wine\/en\/tienda\/wineries\/vina-costeira-ribeiro-en\/lua-de-costeira\/\" \/>\n<meta property=\"og:locale\" content=\"en_US\" \/>\n<meta property=\"og:type\" content=\"article\" \/>\n<meta property=\"og:title\" content=\"L\u00faa de Costeira - Galicia Wine Wineries- Vi\u00f1a Costeira\" \/>\n<meta property=\"og:description\" content=\"Do you know the wine L\u00faa de Costeira? This sparkling wine has the best price-quality value and a great taste. Buy it now!\" \/>\n<meta property=\"og:url\" content=\"https:\/\/costeira.wine\/en\/tienda\/wineries\/vina-costeira-ribeiro-en\/lua-de-costeira\/\" \/>\n<meta property=\"og:site_name\" content=\"Vi\u00f1a costeira\" \/>\n<meta property=\"article:publisher\" content=\"https:\/\/www.facebook.com\/vinacosteira\/\" \/>\n<meta property=\"article:modified_time\" content=\"2022-03-28T15:16:10+00:00\" \/>\n<meta property=\"og:image\" content=\"https:\/\/costeira.wine\/wp-content\/uploads\/2021\/07\/Bodegon-Lua-de-Costeira-Nuevo.jpg\" \/>\n\t<meta property=\"og:image:width\" content=\"1024\" \/>\n\t<meta property=\"og:image:height\" content=\"1024\" \/>\n\t<meta property=\"og:image:type\" content=\"image\/jpeg\" \/>\n<meta name=\"twitter:card\" content=\"summary_large_image\" \/>\n<meta name=\"twitter:site\" content=\"@costeira_es\" \/>\n<meta name=\"twitter:label1\" content=\"Est. reading time\" \/>\n\t<meta name=\"twitter:data1\" content=\"1 minute\" \/>\n<script type=\"application\/ld+json\" class=\"yoast-schema-graph\">{\"@context\":\"https:\/\/schema.org\",\"@graph\":[{\"@type\":\"WebPage\",\"@id\":\"https:\/\/costeira.wine\/en\/tienda\/wineries\/vina-costeira-ribeiro-en\/lua-de-costeira\/\",\"url\":\"https:\/\/costeira.wine\/en\/tienda\/wineries\/vina-costeira-ribeiro-en\/lua-de-costeira\/\",\"name\":\"L\u00faa de Costeira - Galicia Wine Wineries- Vi\u00f1a Costeira\",\"isPartOf\":{\"@id\":\"https:\/\/costeira.wine\/#website\"},\"primaryImageOfPage\":{\"@id\":\"https:\/\/costeira.wine\/en\/tienda\/wineries\/vina-costeira-ribeiro-en\/lua-de-costeira\/#primaryimage\"},\"image\":{\"@id\":\"https:\/\/costeira.wine\/en\/tienda\/wineries\/vina-costeira-ribeiro-en\/lua-de-costeira\/#primaryimage\"},\"thumbnailUrl\":\"https:\/\/costeira.wine\/wp-content\/uploads\/2021\/07\/Bodegon-Lua-de-Costeira-Nuevo.jpg\",\"datePublished\":\"2022-03-07T16:01:17+00:00\",\"dateModified\":\"2022-03-28T15:16:10+00:00\",\"description\":\"Do you know the wine L\u00faa de Costeira? This sparkling wine has the best price-quality value and a great taste. Buy it now!\",\"breadcrumb\":{\"@id\":\"https:\/\/costeira.wine\/en\/tienda\/wineries\/vina-costeira-ribeiro-en\/lua-de-costeira\/#breadcrumb\"},\"inLanguage\":\"en-US\",\"potentialAction\":[{\"@type\":\"ReadAction\",\"target\":[\"https:\/\/costeira.wine\/en\/tienda\/wineries\/vina-costeira-ribeiro-en\/lua-de-costeira\/\"]}]},{\"@type\":\"ImageObject\",\"inLanguage\":\"en-US\",\"@id\":\"https:\/\/costeira.wine\/en\/tienda\/wineries\/vina-costeira-ribeiro-en\/lua-de-costeira\/#primaryimage\",\"url\":\"https:\/\/costeira.wine\/wp-content\/uploads\/2021\/07\/Bodegon-Lua-de-Costeira-Nuevo.jpg\",\"contentUrl\":\"https:\/\/costeira.wine\/wp-content\/uploads\/2021\/07\/Bodegon-Lua-de-Costeira-Nuevo.jpg\",\"width\":1024,\"height\":1024},{\"@type\":\"BreadcrumbList\",\"@id\":\"https:\/\/costeira.wine\/en\/tienda\/wineries\/vina-costeira-ribeiro-en\/lua-de-costeira\/#breadcrumb\",\"itemListElement\":[{\"@type\":\"ListItem\",\"position\":1,\"name\":\"Portada\",\"item\":\"https:\/\/costeira.wine\/\"},{\"@type\":\"ListItem\",\"position\":2,\"name\":\"Tienda\",\"item\":\"https:\/\/costeira.wine\/tienda\/\"},{\"@type\":\"ListItem\",\"position\":3,\"name\":\"L\u00faa de Costeira\"}]},{\"@type\":\"WebSite\",\"@id\":\"https:\/\/costeira.wine\/#website\",\"url\":\"https:\/\/costeira.wine\/\",\"name\":\"Vi\u00f1a costeira\",\"description\":\"En la bodega Vi\u00f1a Costeira elaboramos vinos de D.O. Ribeiro y Valdeorras. Nuestros productos nos han convertido en la mejor bodega de Espa\u00f1a. \u00a1Con\u00f3cenos!\",\"publisher\":{\"@id\":\"https:\/\/costeira.wine\/#organization\"},\"potentialAction\":[{\"@type\":\"SearchAction\",\"target\":{\"@type\":\"EntryPoint\",\"urlTemplate\":\"https:\/\/costeira.wine\/?s={search_term_string}\"},\"query-input\":{\"@type\":\"PropertyValueSpecification\",\"valueRequired\":true,\"valueName\":\"search_term_string\"}}],\"inLanguage\":\"en-US\"},{\"@type\":\"Organization\",\"@id\":\"https:\/\/costeira.wine\/#organization\",\"name\":\"Vi\u00f1a costeira\",\"url\":\"https:\/\/costeira.wine\/\",\"logo\":{\"@type\":\"ImageObject\",\"inLanguage\":\"en-US\",\"@id\":\"https:\/\/costeira.wine\/#\/schema\/logo\/image\/\",\"url\":\"https:\/\/costeira.wine\/wp-content\/uploads\/2021\/06\/logo_vina_costeira.svg\",\"contentUrl\":\"https:\/\/costeira.wine\/wp-content\/uploads\/2021\/06\/logo_vina_costeira.svg\",\"width\":1024,\"height\":100,\"caption\":\"Vi\u00f1a costeira\"},\"image\":{\"@id\":\"https:\/\/costeira.wine\/#\/schema\/logo\/image\/\"},\"sameAs\":[\"https:\/\/www.facebook.com\/vinacosteira\/\",\"https:\/\/x.com\/costeira_es\",\"https:\/\/www.instagram.com\/costeira.es\/\",\"https:\/\/www.linkedin.com\/company\/vi\u00f1a-costeira\/\",\"https:\/\/www.youtube.com\/channel\/UCx-kNrCaW0EIlxNK7nBRyfA\"]}]}<\/script>\n<!-- \/ Yoast SEO plugin. -->","yoast_head_json":{"title":"L\u00faa de Costeira - Galicia Wine Wineries- Vi\u00f1a Costeira","description":"Do you know the wine L\u00faa de Costeira? This sparkling wine has the best price-quality value and a great taste. Buy it now!","robots":{"index":"index","follow":"follow","max-snippet":"max-snippet:-1","max-image-preview":"max-image-preview:large","max-video-preview":"max-video-preview:-1"},"canonical":"https:\/\/costeira.wine\/en\/tienda\/wineries\/vina-costeira-ribeiro-en\/lua-de-costeira\/","og_locale":"en_US","og_type":"article","og_title":"L\u00faa de Costeira - Galicia Wine Wineries- Vi\u00f1a Costeira","og_description":"Do you know the wine L\u00faa de Costeira? This sparkling wine has the best price-quality value and a great taste. Buy it now!","og_url":"https:\/\/costeira.wine\/en\/tienda\/wineries\/vina-costeira-ribeiro-en\/lua-de-costeira\/","og_site_name":"Vi\u00f1a costeira","article_publisher":"https:\/\/www.facebook.com\/vinacosteira\/","article_modified_time":"2022-03-28T15:16:10+00:00","og_image":[{"width":1024,"height":1024,"url":"https:\/\/costeira.wine\/wp-content\/uploads\/2021\/07\/Bodegon-Lua-de-Costeira-Nuevo.jpg","type":"image\/jpeg"}],"twitter_card":"summary_large_image","twitter_site":"@costeira_es","twitter_misc":{"Est. reading time":"1 minute"},"schema":{"@context":"https:\/\/schema.org","@graph":[{"@type":"WebPage","@id":"https:\/\/costeira.wine\/en\/tienda\/wineries\/vina-costeira-ribeiro-en\/lua-de-costeira\/","url":"https:\/\/costeira.wine\/en\/tienda\/wineries\/vina-costeira-ribeiro-en\/lua-de-costeira\/","name":"L\u00faa de Costeira - Galicia Wine Wineries- Vi\u00f1a Costeira","isPartOf":{"@id":"https:\/\/costeira.wine\/#website"},"primaryImageOfPage":{"@id":"https:\/\/costeira.wine\/en\/tienda\/wineries\/vina-costeira-ribeiro-en\/lua-de-costeira\/#primaryimage"},"image":{"@id":"https:\/\/costeira.wine\/en\/tienda\/wineries\/vina-costeira-ribeiro-en\/lua-de-costeira\/#primaryimage"},"thumbnailUrl":"https:\/\/costeira.wine\/wp-content\/uploads\/2021\/07\/Bodegon-Lua-de-Costeira-Nuevo.jpg","datePublished":"2022-03-07T16:01:17+00:00","dateModified":"2022-03-28T15:16:10+00:00","description":"Do you know the wine L\u00faa de Costeira? This sparkling wine has the best price-quality value and a great taste. Buy it now!","breadcrumb":{"@id":"https:\/\/costeira.wine\/en\/tienda\/wineries\/vina-costeira-ribeiro-en\/lua-de-costeira\/#breadcrumb"},"inLanguage":"en-US","potentialAction":[{"@type":"ReadAction","target":["https:\/\/costeira.wine\/en\/tienda\/wineries\/vina-costeira-ribeiro-en\/lua-de-costeira\/"]}]},{"@type":"ImageObject","inLanguage":"en-US","@id":"https:\/\/costeira.wine\/en\/tienda\/wineries\/vina-costeira-ribeiro-en\/lua-de-costeira\/#primaryimage","url":"https:\/\/costeira.wine\/wp-content\/uploads\/2021\/07\/Bodegon-Lua-de-Costeira-Nuevo.jpg","contentUrl":"https:\/\/costeira.wine\/wp-content\/uploads\/2021\/07\/Bodegon-Lua-de-Costeira-Nuevo.jpg","width":1024,"height":1024},{"@type":"BreadcrumbList","@id":"https:\/\/costeira.wine\/en\/tienda\/wineries\/vina-costeira-ribeiro-en\/lua-de-costeira\/#breadcrumb","itemListElement":[{"@type":"ListItem","position":1,"name":"Portada","item":"https:\/\/costeira.wine\/"},{"@type":"ListItem","position":2,"name":"Tienda","item":"https:\/\/costeira.wine\/tienda\/"},{"@type":"ListItem","position":3,"name":"L\u00faa de Costeira"}]},{"@type":"WebSite","@id":"https:\/\/costeira.wine\/#website","url":"https:\/\/costeira.wine\/","name":"Vi\u00f1a costeira","description":"En la bodega Vi\u00f1a Costeira elaboramos vinos de D.O. Ribeiro y Valdeorras. Nuestros productos nos han convertido en la mejor bodega de Espa\u00f1a. \u00a1Con\u00f3cenos!","publisher":{"@id":"https:\/\/costeira.wine\/#organization"},"potentialAction":[{"@type":"SearchAction","target":{"@type":"EntryPoint","urlTemplate":"https:\/\/costeira.wine\/?s={search_term_string}"},"query-input":{"@type":"PropertyValueSpecification","valueRequired":true,"valueName":"search_term_string"}}],"inLanguage":"en-US"},{"@type":"Organization","@id":"https:\/\/costeira.wine\/#organization","name":"Vi\u00f1a costeira","url":"https:\/\/costeira.wine\/","logo":{"@type":"ImageObject","inLanguage":"en-US","@id":"https:\/\/costeira.wine\/#\/schema\/logo\/image\/","url":"https:\/\/costeira.wine\/wp-content\/uploads\/2021\/06\/logo_vina_costeira.svg","contentUrl":"https:\/\/costeira.wine\/wp-content\/uploads\/2021\/06\/logo_vina_costeira.svg","width":1024,"height":100,"caption":"Vi\u00f1a costeira"},"image":{"@id":"https:\/\/costeira.wine\/#\/schema\/logo\/image\/"},"sameAs":["https:\/\/www.facebook.com\/vinacosteira\/","https:\/\/x.com\/costeira_es","https:\/\/www.instagram.com\/costeira.es\/","https:\/\/www.linkedin.com\/company\/vi\u00f1a-costeira\/","https:\/\/www.youtube.com\/channel\/UCx-kNrCaW0EIlxNK7nBRyfA"]}]}},"_links":{"self":[{"href":"https:\/\/costeira.wine\/en\/wp-json\/wp\/v2\/product\/226349","targetHints":{"allow":["GET"]}}],"collection":[{"href":"https:\/\/costeira.wine\/en\/wp-json\/wp\/v2\/product"}],"about":[{"href":"https:\/\/costeira.wine\/en\/wp-json\/wp\/v2\/types\/product"}],"wp:featuredmedia":[{"embeddable":true,"href":"https:\/\/costeira.wine\/en\/wp-json\/wp\/v2\/media\/237891"}],"wp:attachment":[{"href":"https:\/\/costeira.wine\/en\/wp-json\/wp\/v2\/media?parent=226349"}],"wp:term":[{"taxonomy":"product_brand","embeddable":true,"href":"https:\/\/costeira.wine\/en\/wp-json\/wp\/v2\/product_brand?post=226349"},{"taxonomy":"product_cat","embeddable":true,"href":"https:\/\/costeira.wine\/en\/wp-json\/wp\/v2\/product_cat?post=226349"},{"taxonomy":"product_tag","embeddable":true,"href":"https:\/\/costeira.wine\/en\/wp-json\/wp\/v2\/product_tag?post=226349"},{"taxonomy":"gift","embeddable":true,"href":"https:\/\/costeira.wine\/en\/wp-json\/wp\/v2\/gift?post=226349"},{"taxonomy":"color","embeddable":true,"href":"https:\/\/costeira.wine\/en\/wp-json\/wp\/v2\/color?post=226349"},{"taxonomy":"grape","embeddable":true,"href":"https:\/\/costeira.wine\/en\/wp-json\/wp\/v2\/grape?post=226349"},{"taxonomy":"woo-feed-brand","embeddable":true,"href":"https:\/\/costeira.wine\/en\/wp-json\/wp\/v2\/woo-feed-brand?post=226349"}],"curies":[{"name":"wp","href":"https:\/\/api.w.org\/{rel}","templated":true}]}}