{"id":226351,"date":"2021-07-01T18:36:41","date_gmt":"2022-03-07T16:09:57","guid":{"rendered":"https:\/\/costeira.wine\/tienda\/sin%20categor\u00eda\/mixed-varietal-case-treixadura-godello-and-mencia\/"},"modified":"2022-03-28T16:14:32","modified_gmt":"2022-03-28T15:14:32","slug":"mixed-varietal-case-treixadura-godello-and-mencia","status":"publish","type":"product","link":"https:\/\/costeira.wine\/en\/tienda\/cases\/mixed-varietal-case-treixadura-godello-and-mencia\/","title":{"rendered":"Mixed varietal case: Treixadura, Godello, and Menc\u00eda"},"content":{"rendered":"<p>The perfect selection of the winery&#8217;s most special varietals, to discover Galicia through its own flavours.<\/p>\n<p>This Special Varietal case contains <strong>Modus Vivendi Menc\u00eda<\/strong>, a silky and structured menc\u00eda grape grown on the banks of the Sil and Bibei rivers; the musical <strong>Tambor\u00e1 Godello<\/strong> to enjoy the explosive balance and fruity notes of the Godello grape; and <strong>Amadeus Treixadura<\/strong>, a wine turned into a work of art, with a unique design by the painter Alexandro that allows us to approach the complexity and elegance of the Treixadura grape, the queen of Ribeiro.<\/p>\n","protected":false},"excerpt":{"rendered":"<p>The perfect selection of the winery&#8217;s most special varietals, to discover Galicia through its own flavours. This Special Varietal case contains Modus Vivendi Menc\u00eda, a silky and structured menc\u00eda grape grown on the banks of the Sil and Bibei rivers; the musical Tambor\u00e1 Godello to enjoy the explosive balance and fruity notes of the Godello [&hellip;]<\/p>\n","protected":false},"featured_media":226794,"template":"","meta":[],"product_brand":[],"product_cat":[186,187,188],"product_tag":[],"gift":[296,297],"color":[],"grape":[],"woo-feed-brand":[],"class_list":{"0":"post-226351","1":"product","2":"type-product","3":"status-publish","4":"has-post-thumbnail","6":"product_cat-cases","7":"product_cat-special-packs","8":"product_cat-wine-case","9":"gift-christmas-packs","10":"gift-gift-ideas","12":"first","13":"instock","14":"shipping-taxable","15":"purchasable","16":"product-type-variable","17":"has-default-attributes"},"yoast_head":"<!-- This site is optimized with the Yoast SEO plugin v24.8.1 - https:\/\/yoast.com\/wordpress\/plugins\/seo\/ -->\n<title>Buy 3 bottles case Special Varietals | Vi\u00f1a Costeira<\/title>\n<meta name=\"description\" content=\"Looking for something special? Buy the Special Varietal case and try our wines Modus Vivendi Menc\u00eda, Tambor\u00e1 Godello and Amadeus Treixadura.\" \/>\n<meta name=\"robots\" content=\"index, follow, max-snippet:-1, max-image-preview:large, max-video-preview:-1\" \/>\n<link rel=\"canonical\" href=\"https:\/\/costeira.wine\/?post_type=product&p=2474\" \/>\n<meta property=\"og:locale\" content=\"en_US\" \/>\n<meta property=\"og:type\" content=\"article\" \/>\n<meta property=\"og:title\" content=\"Buy 3 bottles case Special Varietals | Vi\u00f1a Costeira\" \/>\n<meta property=\"og:description\" content=\"Looking for something special? Buy the Special Varietal case and try our wines Modus Vivendi Menc\u00eda, Tambor\u00e1 Godello and Amadeus Treixadura.\" \/>\n<meta property=\"og:url\" content=\"https:\/\/costeira.wine\/?post_type=product&amp;p=2474\" \/>\n<meta property=\"og:site_name\" content=\"Vi\u00f1a costeira\" \/>\n<meta property=\"article:publisher\" content=\"https:\/\/www.facebook.com\/vinacosteira\/\" \/>\n<meta property=\"article:modified_time\" content=\"2022-03-28T15:14:32+00:00\" \/>\n<meta property=\"og:image\" content=\"https:\/\/costeira.wine\/wp-content\/uploads\/2021\/07\/estuche-varietales.png\" \/>\n\t<meta property=\"og:image:width\" content=\"1024\" \/>\n\t<meta property=\"og:image:height\" content=\"1024\" \/>\n\t<meta property=\"og:image:type\" content=\"image\/png\" \/>\n<meta name=\"twitter:card\" content=\"summary_large_image\" \/>\n<meta name=\"twitter:site\" content=\"@costeira_es\" \/>\n<script type=\"application\/ld+json\" class=\"yoast-schema-graph\">{\"@context\":\"https:\/\/schema.org\",\"@graph\":[{\"@type\":\"WebPage\",\"@id\":\"https:\/\/costeira.wine\/?post_type=product&p=2474\",\"url\":\"https:\/\/costeira.wine\/?post_type=product&p=2474\",\"name\":\"Buy 3 bottles case Special Varietals | Vi\u00f1a Costeira\",\"isPartOf\":{\"@id\":\"https:\/\/costeira.wine\/#website\"},\"primaryImageOfPage\":{\"@id\":\"https:\/\/costeira.wine\/?post_type=product&p=2474#primaryimage\"},\"image\":{\"@id\":\"https:\/\/costeira.wine\/?post_type=product&p=2474#primaryimage\"},\"thumbnailUrl\":\"https:\/\/costeira.wine\/wp-content\/uploads\/2021\/07\/estuche-varietales.png\",\"datePublished\":\"2022-03-07T16:09:57+00:00\",\"dateModified\":\"2022-03-28T15:14:32+00:00\",\"description\":\"Looking for something special? Buy the Special Varietal case and try our wines Modus Vivendi Menc\u00eda, Tambor\u00e1 Godello and Amadeus Treixadura.\",\"breadcrumb\":{\"@id\":\"https:\/\/costeira.wine\/?post_type=product&p=2474#breadcrumb\"},\"inLanguage\":\"en-US\",\"potentialAction\":[{\"@type\":\"ReadAction\",\"target\":[\"https:\/\/costeira.wine\/?post_type=product&p=2474\"]}]},{\"@type\":\"ImageObject\",\"inLanguage\":\"en-US\",\"@id\":\"https:\/\/costeira.wine\/?post_type=product&p=2474#primaryimage\",\"url\":\"https:\/\/costeira.wine\/wp-content\/uploads\/2021\/07\/estuche-varietales.png\",\"contentUrl\":\"https:\/\/costeira.wine\/wp-content\/uploads\/2021\/07\/estuche-varietales.png\",\"width\":1024,\"height\":1024},{\"@type\":\"BreadcrumbList\",\"@id\":\"https:\/\/costeira.wine\/?post_type=product&p=2474#breadcrumb\",\"itemListElement\":[{\"@type\":\"ListItem\",\"position\":1,\"name\":\"Portada\",\"item\":\"https:\/\/costeira.wine\/\"},{\"@type\":\"ListItem\",\"position\":2,\"name\":\"Tienda\",\"item\":\"https:\/\/costeira.wine\/tienda\/\"},{\"@type\":\"ListItem\",\"position\":3,\"name\":\"Mixed varietal case: Treixadura, Godello, and Menc\u00eda\"}]},{\"@type\":\"WebSite\",\"@id\":\"https:\/\/costeira.wine\/#website\",\"url\":\"https:\/\/costeira.wine\/\",\"name\":\"Vi\u00f1a costeira\",\"description\":\"En la bodega Vi\u00f1a Costeira elaboramos vinos de D.O. Ribeiro y Valdeorras. Nuestros productos nos han convertido en la mejor bodega de Espa\u00f1a. \u00a1Con\u00f3cenos!\",\"publisher\":{\"@id\":\"https:\/\/costeira.wine\/#organization\"},\"potentialAction\":[{\"@type\":\"SearchAction\",\"target\":{\"@type\":\"EntryPoint\",\"urlTemplate\":\"https:\/\/costeira.wine\/?s={search_term_string}\"},\"query-input\":{\"@type\":\"PropertyValueSpecification\",\"valueRequired\":true,\"valueName\":\"search_term_string\"}}],\"inLanguage\":\"en-US\"},{\"@type\":\"Organization\",\"@id\":\"https:\/\/costeira.wine\/#organization\",\"name\":\"Vi\u00f1a costeira\",\"url\":\"https:\/\/costeira.wine\/\",\"logo\":{\"@type\":\"ImageObject\",\"inLanguage\":\"en-US\",\"@id\":\"https:\/\/costeira.wine\/#\/schema\/logo\/image\/\",\"url\":\"https:\/\/costeira.wine\/wp-content\/uploads\/2021\/06\/logo_vina_costeira.svg\",\"contentUrl\":\"https:\/\/costeira.wine\/wp-content\/uploads\/2021\/06\/logo_vina_costeira.svg\",\"width\":1024,\"height\":100,\"caption\":\"Vi\u00f1a costeira\"},\"image\":{\"@id\":\"https:\/\/costeira.wine\/#\/schema\/logo\/image\/\"},\"sameAs\":[\"https:\/\/www.facebook.com\/vinacosteira\/\",\"https:\/\/x.com\/costeira_es\",\"https:\/\/www.instagram.com\/costeira.es\/\",\"https:\/\/www.linkedin.com\/company\/vi\u00f1a-costeira\/\",\"https:\/\/www.youtube.com\/channel\/UCx-kNrCaW0EIlxNK7nBRyfA\"]}]}<\/script>\n<!-- \/ Yoast SEO plugin. -->","yoast_head_json":{"title":"Buy 3 bottles case Special Varietals | Vi\u00f1a Costeira","description":"Looking for something special? Buy the Special Varietal case and try our wines Modus Vivendi Menc\u00eda, Tambor\u00e1 Godello and Amadeus Treixadura.","robots":{"index":"index","follow":"follow","max-snippet":"max-snippet:-1","max-image-preview":"max-image-preview:large","max-video-preview":"max-video-preview:-1"},"canonical":"https:\/\/costeira.wine\/?post_type=product&p=2474","og_locale":"en_US","og_type":"article","og_title":"Buy 3 bottles case Special Varietals | Vi\u00f1a Costeira","og_description":"Looking for something special? Buy the Special Varietal case and try our wines Modus Vivendi Menc\u00eda, Tambor\u00e1 Godello and Amadeus Treixadura.","og_url":"https:\/\/costeira.wine\/?post_type=product&p=2474","og_site_name":"Vi\u00f1a costeira","article_publisher":"https:\/\/www.facebook.com\/vinacosteira\/","article_modified_time":"2022-03-28T15:14:32+00:00","og_image":[{"width":1024,"height":1024,"url":"https:\/\/costeira.wine\/wp-content\/uploads\/2021\/07\/estuche-varietales.png","type":"image\/png"}],"twitter_card":"summary_large_image","twitter_site":"@costeira_es","schema":{"@context":"https:\/\/schema.org","@graph":[{"@type":"WebPage","@id":"https:\/\/costeira.wine\/?post_type=product&p=2474","url":"https:\/\/costeira.wine\/?post_type=product&p=2474","name":"Buy 3 bottles case Special Varietals | Vi\u00f1a Costeira","isPartOf":{"@id":"https:\/\/costeira.wine\/#website"},"primaryImageOfPage":{"@id":"https:\/\/costeira.wine\/?post_type=product&p=2474#primaryimage"},"image":{"@id":"https:\/\/costeira.wine\/?post_type=product&p=2474#primaryimage"},"thumbnailUrl":"https:\/\/costeira.wine\/wp-content\/uploads\/2021\/07\/estuche-varietales.png","datePublished":"2022-03-07T16:09:57+00:00","dateModified":"2022-03-28T15:14:32+00:00","description":"Looking for something special? Buy the Special Varietal case and try our wines Modus Vivendi Menc\u00eda, Tambor\u00e1 Godello and Amadeus Treixadura.","breadcrumb":{"@id":"https:\/\/costeira.wine\/?post_type=product&p=2474#breadcrumb"},"inLanguage":"en-US","potentialAction":[{"@type":"ReadAction","target":["https:\/\/costeira.wine\/?post_type=product&p=2474"]}]},{"@type":"ImageObject","inLanguage":"en-US","@id":"https:\/\/costeira.wine\/?post_type=product&p=2474#primaryimage","url":"https:\/\/costeira.wine\/wp-content\/uploads\/2021\/07\/estuche-varietales.png","contentUrl":"https:\/\/costeira.wine\/wp-content\/uploads\/2021\/07\/estuche-varietales.png","width":1024,"height":1024},{"@type":"BreadcrumbList","@id":"https:\/\/costeira.wine\/?post_type=product&p=2474#breadcrumb","itemListElement":[{"@type":"ListItem","position":1,"name":"Portada","item":"https:\/\/costeira.wine\/"},{"@type":"ListItem","position":2,"name":"Tienda","item":"https:\/\/costeira.wine\/tienda\/"},{"@type":"ListItem","position":3,"name":"Mixed varietal case: Treixadura, Godello, and Menc\u00eda"}]},{"@type":"WebSite","@id":"https:\/\/costeira.wine\/#website","url":"https:\/\/costeira.wine\/","name":"Vi\u00f1a costeira","description":"En la bodega Vi\u00f1a Costeira elaboramos vinos de D.O. Ribeiro y Valdeorras. Nuestros productos nos han convertido en la mejor bodega de Espa\u00f1a. \u00a1Con\u00f3cenos!","publisher":{"@id":"https:\/\/costeira.wine\/#organization"},"potentialAction":[{"@type":"SearchAction","target":{"@type":"EntryPoint","urlTemplate":"https:\/\/costeira.wine\/?s={search_term_string}"},"query-input":{"@type":"PropertyValueSpecification","valueRequired":true,"valueName":"search_term_string"}}],"inLanguage":"en-US"},{"@type":"Organization","@id":"https:\/\/costeira.wine\/#organization","name":"Vi\u00f1a costeira","url":"https:\/\/costeira.wine\/","logo":{"@type":"ImageObject","inLanguage":"en-US","@id":"https:\/\/costeira.wine\/#\/schema\/logo\/image\/","url":"https:\/\/costeira.wine\/wp-content\/uploads\/2021\/06\/logo_vina_costeira.svg","contentUrl":"https:\/\/costeira.wine\/wp-content\/uploads\/2021\/06\/logo_vina_costeira.svg","width":1024,"height":100,"caption":"Vi\u00f1a costeira"},"image":{"@id":"https:\/\/costeira.wine\/#\/schema\/logo\/image\/"},"sameAs":["https:\/\/www.facebook.com\/vinacosteira\/","https:\/\/x.com\/costeira_es","https:\/\/www.instagram.com\/costeira.es\/","https:\/\/www.linkedin.com\/company\/vi\u00f1a-costeira\/","https:\/\/www.youtube.com\/channel\/UCx-kNrCaW0EIlxNK7nBRyfA"]}]}},"_links":{"self":[{"href":"https:\/\/costeira.wine\/en\/wp-json\/wp\/v2\/product\/226351","targetHints":{"allow":["GET"]}}],"collection":[{"href":"https:\/\/costeira.wine\/en\/wp-json\/wp\/v2\/product"}],"about":[{"href":"https:\/\/costeira.wine\/en\/wp-json\/wp\/v2\/types\/product"}],"wp:featuredmedia":[{"embeddable":true,"href":"https:\/\/costeira.wine\/en\/wp-json\/wp\/v2\/media\/226794"}],"wp:attachment":[{"href":"https:\/\/costeira.wine\/en\/wp-json\/wp\/v2\/media?parent=226351"}],"wp:term":[{"taxonomy":"product_brand","embeddable":true,"href":"https:\/\/costeira.wine\/en\/wp-json\/wp\/v2\/product_brand?post=226351"},{"taxonomy":"product_cat","embeddable":true,"href":"https:\/\/costeira.wine\/en\/wp-json\/wp\/v2\/product_cat?post=226351"},{"taxonomy":"product_tag","embeddable":true,"href":"https:\/\/costeira.wine\/en\/wp-json\/wp\/v2\/product_tag?post=226351"},{"taxonomy":"gift","embeddable":true,"href":"https:\/\/costeira.wine\/en\/wp-json\/wp\/v2\/gift?post=226351"},{"taxonomy":"color","embeddable":true,"href":"https:\/\/costeira.wine\/en\/wp-json\/wp\/v2\/color?post=226351"},{"taxonomy":"grape","embeddable":true,"href":"https:\/\/costeira.wine\/en\/wp-json\/wp\/v2\/grape?post=226351"},{"taxonomy":"woo-feed-brand","embeddable":true,"href":"https:\/\/costeira.wine\/en\/wp-json\/wp\/v2\/woo-feed-brand?post=226351"}],"curies":[{"name":"wp","href":"https:\/\/api.w.org\/{rel}","templated":true}]}}