{"id":226354,"date":"2021-07-01T18:36:15","date_gmt":"2022-03-07T16:25:58","guid":{"rendered":"https:\/\/costeira.wine\/tienda\/sin%20categor\u00eda\/winery-case-treixadura-mencia-and-sparkling\/"},"modified":"2022-03-28T16:12:18","modified_gmt":"2022-03-28T15:12:18","slug":"winery-case-treixadura-mencia-and-sparkling","status":"publish","type":"product","link":"https:\/\/costeira.wine\/en\/tienda\/cases\/winery-case-treixadura-mencia-and-sparkling\/","title":{"rendered":"Winery case: Treixadura, Menc\u00eda, and Sparkling"},"content":{"rendered":"<p>Three different products to taste the most authentic flavour of Galicia. A walk through two designations of origin: Ribeiro and Valdeorras.<\/p>\n<p>This case is perfect <strong>for those who want to experience and taste the main varieties and characteristics of this area.<\/strong>. It contains a bottle of <strong>Colecci\u00f3n 68<\/strong> (Treixadura, Godello yAlbari\u00f1o), a bottle of <strong>Vi\u00f1a Costeira<\/strong> (Menc\u00eda) and a bottle of our sparkling wine <strong>L\u00faa Jazz Brut Nature<\/strong>, the only 100% Treixadura in the world.<\/p>\n<p>The perfect combination for an extraordinary wine pairing.<\/p>\n","protected":false},"excerpt":{"rendered":"<p>Three different products to taste the most authentic flavour of Galicia. A walk through two designations of origin: Ribeiro and Valdeorras. This case is perfect for those who want to experience and taste the main varieties and characteristics of this area.. It contains a bottle of Colecci\u00f3n 68 (Treixadura, Godello yAlbari\u00f1o), a bottle of Vi\u00f1a [&hellip;]<\/p>\n","protected":false},"featured_media":229834,"template":"","meta":[],"product_brand":[],"product_cat":[186,187,188],"product_tag":[],"gift":[296,297],"color":[],"grape":[],"woo-feed-brand":[],"class_list":{"0":"post-226354","1":"product","2":"type-product","3":"status-publish","4":"has-post-thumbnail","6":"product_cat-cases","7":"product_cat-special-packs","8":"product_cat-wine-case","9":"gift-christmas-packs","10":"gift-gift-ideas","12":"first","13":"instock","14":"shipping-taxable","15":"purchasable","16":"product-type-variable","17":"has-default-attributes"},"yoast_head":"<!-- This site is optimized with the Yoast SEO plugin v24.8.1 - https:\/\/yoast.com\/wordpress\/plugins\/seo\/ -->\n<title>Buy case of 3 bottles Winery Special | Vi\u00f1a Costeira<\/title>\n<meta name=\"description\" content=\"Looking for a new experience? Buy the Winery Special case with 3 of our red wines: Colecci\u00f3n 68 Treixadura, Vi\u00f1a Costeira Menc\u00eda and L\u00faa Jazz Brut.\" \/>\n<meta name=\"robots\" content=\"index, follow, max-snippet:-1, max-image-preview:large, max-video-preview:-1\" \/>\n<link rel=\"canonical\" href=\"https:\/\/costeira.wine\/en\/tienda\/cases\/winery-case-treixadura-mencia-and-sparkling\/\" \/>\n<meta property=\"og:locale\" content=\"en_US\" \/>\n<meta property=\"og:type\" content=\"article\" \/>\n<meta property=\"og:title\" content=\"Buy case of 3 bottles Winery Special | Vi\u00f1a Costeira\" \/>\n<meta property=\"og:description\" content=\"Looking for a new experience? Buy the Winery Special case with 3 of our red wines: Colecci\u00f3n 68 Treixadura, Vi\u00f1a Costeira Menc\u00eda and L\u00faa Jazz Brut.\" \/>\n<meta property=\"og:url\" content=\"https:\/\/costeira.wine\/en\/tienda\/cases\/winery-case-treixadura-mencia-and-sparkling\/\" \/>\n<meta property=\"og:site_name\" content=\"Vi\u00f1a costeira\" \/>\n<meta property=\"article:publisher\" content=\"https:\/\/www.facebook.com\/vinacosteira\/\" \/>\n<meta property=\"article:modified_time\" content=\"2022-03-28T15:12:18+00:00\" \/>\n<meta property=\"og:image\" content=\"https:\/\/costeira.wine\/wp-content\/uploads\/2021\/07\/Estuche-Bodega-Treix-Mencia-Espum.jpg\" \/>\n\t<meta property=\"og:image:width\" content=\"1000\" \/>\n\t<meta property=\"og:image:height\" content=\"1000\" \/>\n\t<meta property=\"og:image:type\" content=\"image\/jpeg\" \/>\n<meta name=\"twitter:card\" content=\"summary_large_image\" \/>\n<meta name=\"twitter:site\" content=\"@costeira_es\" \/>\n<script type=\"application\/ld+json\" class=\"yoast-schema-graph\">{\"@context\":\"https:\/\/schema.org\",\"@graph\":[{\"@type\":\"WebPage\",\"@id\":\"https:\/\/costeira.wine\/en\/tienda\/cases\/winery-case-treixadura-mencia-and-sparkling\/\",\"url\":\"https:\/\/costeira.wine\/en\/tienda\/cases\/winery-case-treixadura-mencia-and-sparkling\/\",\"name\":\"Buy case of 3 bottles Winery Special | Vi\u00f1a Costeira\",\"isPartOf\":{\"@id\":\"https:\/\/costeira.wine\/#website\"},\"primaryImageOfPage\":{\"@id\":\"https:\/\/costeira.wine\/en\/tienda\/cases\/winery-case-treixadura-mencia-and-sparkling\/#primaryimage\"},\"image\":{\"@id\":\"https:\/\/costeira.wine\/en\/tienda\/cases\/winery-case-treixadura-mencia-and-sparkling\/#primaryimage\"},\"thumbnailUrl\":\"https:\/\/costeira.wine\/wp-content\/uploads\/2021\/07\/Estuche-Bodega-Treix-Mencia-Espum.jpg\",\"datePublished\":\"2022-03-07T16:25:58+00:00\",\"dateModified\":\"2022-03-28T15:12:18+00:00\",\"description\":\"Looking for a new experience? Buy the Winery Special case with 3 of our red wines: Colecci\u00f3n 68 Treixadura, Vi\u00f1a Costeira Menc\u00eda and L\u00faa Jazz Brut.\",\"breadcrumb\":{\"@id\":\"https:\/\/costeira.wine\/en\/tienda\/cases\/winery-case-treixadura-mencia-and-sparkling\/#breadcrumb\"},\"inLanguage\":\"en-US\",\"potentialAction\":[{\"@type\":\"ReadAction\",\"target\":[\"https:\/\/costeira.wine\/en\/tienda\/cases\/winery-case-treixadura-mencia-and-sparkling\/\"]}]},{\"@type\":\"ImageObject\",\"inLanguage\":\"en-US\",\"@id\":\"https:\/\/costeira.wine\/en\/tienda\/cases\/winery-case-treixadura-mencia-and-sparkling\/#primaryimage\",\"url\":\"https:\/\/costeira.wine\/wp-content\/uploads\/2021\/07\/Estuche-Bodega-Treix-Mencia-Espum.jpg\",\"contentUrl\":\"https:\/\/costeira.wine\/wp-content\/uploads\/2021\/07\/Estuche-Bodega-Treix-Mencia-Espum.jpg\",\"width\":1000,\"height\":1000},{\"@type\":\"BreadcrumbList\",\"@id\":\"https:\/\/costeira.wine\/en\/tienda\/cases\/winery-case-treixadura-mencia-and-sparkling\/#breadcrumb\",\"itemListElement\":[{\"@type\":\"ListItem\",\"position\":1,\"name\":\"Portada\",\"item\":\"https:\/\/costeira.wine\/\"},{\"@type\":\"ListItem\",\"position\":2,\"name\":\"Tienda\",\"item\":\"https:\/\/costeira.wine\/tienda\/\"},{\"@type\":\"ListItem\",\"position\":3,\"name\":\"Winery case: Treixadura, Menc\u00eda, and Sparkling\"}]},{\"@type\":\"WebSite\",\"@id\":\"https:\/\/costeira.wine\/#website\",\"url\":\"https:\/\/costeira.wine\/\",\"name\":\"Vi\u00f1a costeira\",\"description\":\"En la bodega Vi\u00f1a Costeira elaboramos vinos de D.O. Ribeiro y Valdeorras. Nuestros productos nos han convertido en la mejor bodega de Espa\u00f1a. \u00a1Con\u00f3cenos!\",\"publisher\":{\"@id\":\"https:\/\/costeira.wine\/#organization\"},\"potentialAction\":[{\"@type\":\"SearchAction\",\"target\":{\"@type\":\"EntryPoint\",\"urlTemplate\":\"https:\/\/costeira.wine\/?s={search_term_string}\"},\"query-input\":{\"@type\":\"PropertyValueSpecification\",\"valueRequired\":true,\"valueName\":\"search_term_string\"}}],\"inLanguage\":\"en-US\"},{\"@type\":\"Organization\",\"@id\":\"https:\/\/costeira.wine\/#organization\",\"name\":\"Vi\u00f1a costeira\",\"url\":\"https:\/\/costeira.wine\/\",\"logo\":{\"@type\":\"ImageObject\",\"inLanguage\":\"en-US\",\"@id\":\"https:\/\/costeira.wine\/#\/schema\/logo\/image\/\",\"url\":\"https:\/\/costeira.wine\/wp-content\/uploads\/2021\/06\/logo_vina_costeira.svg\",\"contentUrl\":\"https:\/\/costeira.wine\/wp-content\/uploads\/2021\/06\/logo_vina_costeira.svg\",\"width\":1024,\"height\":100,\"caption\":\"Vi\u00f1a costeira\"},\"image\":{\"@id\":\"https:\/\/costeira.wine\/#\/schema\/logo\/image\/\"},\"sameAs\":[\"https:\/\/www.facebook.com\/vinacosteira\/\",\"https:\/\/x.com\/costeira_es\",\"https:\/\/www.instagram.com\/costeira.es\/\",\"https:\/\/www.linkedin.com\/company\/vi\u00f1a-costeira\/\",\"https:\/\/www.youtube.com\/channel\/UCx-kNrCaW0EIlxNK7nBRyfA\"]}]}<\/script>\n<!-- \/ Yoast SEO plugin. -->","yoast_head_json":{"title":"Buy case of 3 bottles Winery Special | Vi\u00f1a Costeira","description":"Looking for a new experience? Buy the Winery Special case with 3 of our red wines: Colecci\u00f3n 68 Treixadura, Vi\u00f1a Costeira Menc\u00eda and L\u00faa Jazz Brut.","robots":{"index":"index","follow":"follow","max-snippet":"max-snippet:-1","max-image-preview":"max-image-preview:large","max-video-preview":"max-video-preview:-1"},"canonical":"https:\/\/costeira.wine\/en\/tienda\/cases\/winery-case-treixadura-mencia-and-sparkling\/","og_locale":"en_US","og_type":"article","og_title":"Buy case of 3 bottles Winery Special | Vi\u00f1a Costeira","og_description":"Looking for a new experience? Buy the Winery Special case with 3 of our red wines: Colecci\u00f3n 68 Treixadura, Vi\u00f1a Costeira Menc\u00eda and L\u00faa Jazz Brut.","og_url":"https:\/\/costeira.wine\/en\/tienda\/cases\/winery-case-treixadura-mencia-and-sparkling\/","og_site_name":"Vi\u00f1a costeira","article_publisher":"https:\/\/www.facebook.com\/vinacosteira\/","article_modified_time":"2022-03-28T15:12:18+00:00","og_image":[{"width":1000,"height":1000,"url":"https:\/\/costeira.wine\/wp-content\/uploads\/2021\/07\/Estuche-Bodega-Treix-Mencia-Espum.jpg","type":"image\/jpeg"}],"twitter_card":"summary_large_image","twitter_site":"@costeira_es","schema":{"@context":"https:\/\/schema.org","@graph":[{"@type":"WebPage","@id":"https:\/\/costeira.wine\/en\/tienda\/cases\/winery-case-treixadura-mencia-and-sparkling\/","url":"https:\/\/costeira.wine\/en\/tienda\/cases\/winery-case-treixadura-mencia-and-sparkling\/","name":"Buy case of 3 bottles Winery Special | Vi\u00f1a Costeira","isPartOf":{"@id":"https:\/\/costeira.wine\/#website"},"primaryImageOfPage":{"@id":"https:\/\/costeira.wine\/en\/tienda\/cases\/winery-case-treixadura-mencia-and-sparkling\/#primaryimage"},"image":{"@id":"https:\/\/costeira.wine\/en\/tienda\/cases\/winery-case-treixadura-mencia-and-sparkling\/#primaryimage"},"thumbnailUrl":"https:\/\/costeira.wine\/wp-content\/uploads\/2021\/07\/Estuche-Bodega-Treix-Mencia-Espum.jpg","datePublished":"2022-03-07T16:25:58+00:00","dateModified":"2022-03-28T15:12:18+00:00","description":"Looking for a new experience? Buy the Winery Special case with 3 of our red wines: Colecci\u00f3n 68 Treixadura, Vi\u00f1a Costeira Menc\u00eda and L\u00faa Jazz Brut.","breadcrumb":{"@id":"https:\/\/costeira.wine\/en\/tienda\/cases\/winery-case-treixadura-mencia-and-sparkling\/#breadcrumb"},"inLanguage":"en-US","potentialAction":[{"@type":"ReadAction","target":["https:\/\/costeira.wine\/en\/tienda\/cases\/winery-case-treixadura-mencia-and-sparkling\/"]}]},{"@type":"ImageObject","inLanguage":"en-US","@id":"https:\/\/costeira.wine\/en\/tienda\/cases\/winery-case-treixadura-mencia-and-sparkling\/#primaryimage","url":"https:\/\/costeira.wine\/wp-content\/uploads\/2021\/07\/Estuche-Bodega-Treix-Mencia-Espum.jpg","contentUrl":"https:\/\/costeira.wine\/wp-content\/uploads\/2021\/07\/Estuche-Bodega-Treix-Mencia-Espum.jpg","width":1000,"height":1000},{"@type":"BreadcrumbList","@id":"https:\/\/costeira.wine\/en\/tienda\/cases\/winery-case-treixadura-mencia-and-sparkling\/#breadcrumb","itemListElement":[{"@type":"ListItem","position":1,"name":"Portada","item":"https:\/\/costeira.wine\/"},{"@type":"ListItem","position":2,"name":"Tienda","item":"https:\/\/costeira.wine\/tienda\/"},{"@type":"ListItem","position":3,"name":"Winery case: Treixadura, Menc\u00eda, and Sparkling"}]},{"@type":"WebSite","@id":"https:\/\/costeira.wine\/#website","url":"https:\/\/costeira.wine\/","name":"Vi\u00f1a costeira","description":"En la bodega Vi\u00f1a Costeira elaboramos vinos de D.O. Ribeiro y Valdeorras. Nuestros productos nos han convertido en la mejor bodega de Espa\u00f1a. \u00a1Con\u00f3cenos!","publisher":{"@id":"https:\/\/costeira.wine\/#organization"},"potentialAction":[{"@type":"SearchAction","target":{"@type":"EntryPoint","urlTemplate":"https:\/\/costeira.wine\/?s={search_term_string}"},"query-input":{"@type":"PropertyValueSpecification","valueRequired":true,"valueName":"search_term_string"}}],"inLanguage":"en-US"},{"@type":"Organization","@id":"https:\/\/costeira.wine\/#organization","name":"Vi\u00f1a costeira","url":"https:\/\/costeira.wine\/","logo":{"@type":"ImageObject","inLanguage":"en-US","@id":"https:\/\/costeira.wine\/#\/schema\/logo\/image\/","url":"https:\/\/costeira.wine\/wp-content\/uploads\/2021\/06\/logo_vina_costeira.svg","contentUrl":"https:\/\/costeira.wine\/wp-content\/uploads\/2021\/06\/logo_vina_costeira.svg","width":1024,"height":100,"caption":"Vi\u00f1a costeira"},"image":{"@id":"https:\/\/costeira.wine\/#\/schema\/logo\/image\/"},"sameAs":["https:\/\/www.facebook.com\/vinacosteira\/","https:\/\/x.com\/costeira_es","https:\/\/www.instagram.com\/costeira.es\/","https:\/\/www.linkedin.com\/company\/vi\u00f1a-costeira\/","https:\/\/www.youtube.com\/channel\/UCx-kNrCaW0EIlxNK7nBRyfA"]}]}},"_links":{"self":[{"href":"https:\/\/costeira.wine\/en\/wp-json\/wp\/v2\/product\/226354","targetHints":{"allow":["GET"]}}],"collection":[{"href":"https:\/\/costeira.wine\/en\/wp-json\/wp\/v2\/product"}],"about":[{"href":"https:\/\/costeira.wine\/en\/wp-json\/wp\/v2\/types\/product"}],"wp:featuredmedia":[{"embeddable":true,"href":"https:\/\/costeira.wine\/en\/wp-json\/wp\/v2\/media\/229834"}],"wp:attachment":[{"href":"https:\/\/costeira.wine\/en\/wp-json\/wp\/v2\/media?parent=226354"}],"wp:term":[{"taxonomy":"product_brand","embeddable":true,"href":"https:\/\/costeira.wine\/en\/wp-json\/wp\/v2\/product_brand?post=226354"},{"taxonomy":"product_cat","embeddable":true,"href":"https:\/\/costeira.wine\/en\/wp-json\/wp\/v2\/product_cat?post=226354"},{"taxonomy":"product_tag","embeddable":true,"href":"https:\/\/costeira.wine\/en\/wp-json\/wp\/v2\/product_tag?post=226354"},{"taxonomy":"gift","embeddable":true,"href":"https:\/\/costeira.wine\/en\/wp-json\/wp\/v2\/gift?post=226354"},{"taxonomy":"color","embeddable":true,"href":"https:\/\/costeira.wine\/en\/wp-json\/wp\/v2\/color?post=226354"},{"taxonomy":"grape","embeddable":true,"href":"https:\/\/costeira.wine\/en\/wp-json\/wp\/v2\/grape?post=226354"},{"taxonomy":"woo-feed-brand","embeddable":true,"href":"https:\/\/costeira.wine\/en\/wp-json\/wp\/v2\/woo-feed-brand?post=226354"}],"curies":[{"name":"wp","href":"https:\/\/api.w.org\/{rel}","templated":true}]}}