{"id":238338,"date":"2026-04-29T11:43:07","date_gmt":"2026-04-29T10:43:07","guid":{"rendered":"https:\/\/costeira.wine\/?post_type=product&#038;p=238338"},"modified":"2026-04-29T12:17:45","modified_gmt":"2026-04-29T11:17:45","slug":"fornela-treixadura-godello","status":"publish","type":"product","link":"https:\/\/costeira.wine\/en\/tienda\/denomination-of-origin\/do-ribeiro-en\/fornela-treixadura-godello\/","title":{"rendered":"Fornela"},"content":{"rendered":"<p data-start=\"0\" data-end=\"257\">Un nuevo vino llega para conquistar los paladares que buscan la esencia de las mejores variedades gallegas. Fornela, elaborado a partir de <strong>Treixadura y Godello<\/strong>, se presenta como un vino equilibrado y elegante, reflejo fiel de la identidad de nuestros vinos.<\/p>\n<p data-start=\"256\" data-end=\"563\">Su nombre, <strong>Fornela, evoca tradici\u00f3n y arraigo, un gui\u00f1o a la tierra y a la historia<\/strong> que da sentido a cada vino que nace aqu\u00ed. La etiqueta, de dise\u00f1o contempor\u00e1neo y org\u00e1nico, se inspira en la <strong>primavera gallega y en un universo floral<\/strong> que anticipa el car\u00e1cter delicado y arom\u00e1tico que se descubre en la copa.<\/p>\n<p data-start=\"565\" data-end=\"846\" data-is-last-node=\"\" data-is-only-node=\"\">\n","protected":false},"excerpt":{"rendered":"<p>Un nuevo vino llega para conquistar los paladares que buscan la esencia de las mejores variedades gallegas. Fornela, elaborado a partir de Treixadura y Godello, se presenta como un vino equilibrado y elegante, reflejo fiel de la identidad de nuestros vinos. Su nombre, Fornela, evoca tradici\u00f3n y arraigo, un gui\u00f1o a la tierra y a [&hellip;]<\/p>\n","protected":false},"featured_media":238360,"template":"","meta":[],"product_brand":[],"product_cat":[39,102,37,57,34],"product_tag":[],"gift":[],"color":[27],"grape":[31,28],"woo-feed-brand":[],"class_list":{"0":"post-238338","1":"product","2":"type-product","3":"status-publish","4":"has-post-thumbnail","6":"product_cat-blanco","7":"product_cat-do-ribeiro","8":"product_cat-ribeiro","9":"product_cat-vina-costeira-ribeiro","10":"product_cat-vino","11":"color-blanco","12":"grape-godello","13":"grape-treixadura","15":"first","16":"instock","17":"shipping-taxable","18":"purchasable","19":"product-type-variable","20":"has-default-attributes"},"yoast_head":"<!-- This site is optimized with the Yoast SEO plugin v27.5 - https:\/\/yoast.com\/product\/yoast-seo-wordpress\/ -->\n<title>Fornela - Vi\u00f1a costeira<\/title>\n<meta name=\"description\" content=\"Fornela Treixadura y Godello: notas florales y de fruta de hueso. Un vino fresco y ligero, perfecto para cualquier momento. \u00a1Haz tu pedido online AHORA!\" \/>\n<meta name=\"robots\" content=\"index, follow, max-snippet:-1, max-image-preview:large, max-video-preview:-1\" \/>\n<link rel=\"canonical\" href=\"https:\/\/costeira.wine\/tienda\/denominacion-de-origen\/do-ribeiro\/fornela-treixadura-godello\/\" \/>\n<meta property=\"og:locale\" content=\"en_US\" \/>\n<meta property=\"og:type\" content=\"article\" \/>\n<meta property=\"og:title\" content=\"Fornela - Vi\u00f1a costeira\" \/>\n<meta property=\"og:description\" content=\"Fornela Treixadura y Godello: notas florales y de fruta de hueso. Un vino fresco y ligero, perfecto para cualquier momento. \u00a1Haz tu pedido online AHORA!\" \/>\n<meta property=\"og:url\" content=\"https:\/\/costeira.wine\/tienda\/denominacion-de-origen\/do-ribeiro\/fornela-treixadura-godello\/\" \/>\n<meta property=\"og:site_name\" content=\"Vi\u00f1a costeira\" \/>\n<meta property=\"article:publisher\" content=\"https:\/\/www.facebook.com\/vinacosteira\/\" \/>\n<meta property=\"article:modified_time\" content=\"2026-04-29T11:17:45+00:00\" \/>\n<meta property=\"og:image\" content=\"https:\/\/costeira.wine\/wp-content\/uploads\/2026\/04\/23-1-1024x1024.png\" \/>\n\t<meta property=\"og:image:width\" content=\"1024\" \/>\n\t<meta property=\"og:image:height\" content=\"1024\" \/>\n\t<meta property=\"og:image:type\" content=\"image\/png\" \/>\n<meta name=\"twitter:card\" content=\"summary_large_image\" \/>\n<meta name=\"twitter:site\" content=\"@costeira_es\" \/>\n<meta name=\"twitter:label1\" content=\"Est. reading time\" \/>\n\t<meta name=\"twitter:data1\" content=\"1 minute\" \/>\n<script type=\"application\/ld+json\" class=\"yoast-schema-graph\">{\"@context\":\"https:\\\/\\\/schema.org\",\"@graph\":[{\"@type\":\"WebPage\",\"@id\":\"https:\\\/\\\/costeira.wine\\\/tienda\\\/denominacion-de-origen\\\/do-ribeiro\\\/fornela-treixadura-godello\\\/\",\"url\":\"https:\\\/\\\/costeira.wine\\\/tienda\\\/denominacion-de-origen\\\/do-ribeiro\\\/fornela-treixadura-godello\\\/\",\"name\":\"Fornela - Vi\u00f1a costeira\",\"isPartOf\":{\"@id\":\"https:\\\/\\\/costeira.wine\\\/#website\"},\"primaryImageOfPage\":{\"@id\":\"https:\\\/\\\/costeira.wine\\\/tienda\\\/denominacion-de-origen\\\/do-ribeiro\\\/fornela-treixadura-godello\\\/#primaryimage\"},\"image\":{\"@id\":\"https:\\\/\\\/costeira.wine\\\/tienda\\\/denominacion-de-origen\\\/do-ribeiro\\\/fornela-treixadura-godello\\\/#primaryimage\"},\"thumbnailUrl\":\"https:\\\/\\\/costeira.wine\\\/wp-content\\\/uploads\\\/2026\\\/04\\\/23-1.png\",\"datePublished\":\"2026-04-29T10:43:07+00:00\",\"dateModified\":\"2026-04-29T11:17:45+00:00\",\"description\":\"Fornela Treixadura y Godello: notas florales y de fruta de hueso. Un vino fresco y ligero, perfecto para cualquier momento. \u00a1Haz tu pedido online AHORA!\",\"breadcrumb\":{\"@id\":\"https:\\\/\\\/costeira.wine\\\/tienda\\\/denominacion-de-origen\\\/do-ribeiro\\\/fornela-treixadura-godello\\\/#breadcrumb\"},\"inLanguage\":\"en-US\",\"potentialAction\":[{\"@type\":\"ReadAction\",\"target\":[\"https:\\\/\\\/costeira.wine\\\/tienda\\\/denominacion-de-origen\\\/do-ribeiro\\\/fornela-treixadura-godello\\\/\"]}]},{\"@type\":\"ImageObject\",\"inLanguage\":\"en-US\",\"@id\":\"https:\\\/\\\/costeira.wine\\\/tienda\\\/denominacion-de-origen\\\/do-ribeiro\\\/fornela-treixadura-godello\\\/#primaryimage\",\"url\":\"https:\\\/\\\/costeira.wine\\\/wp-content\\\/uploads\\\/2026\\\/04\\\/23-1.png\",\"contentUrl\":\"https:\\\/\\\/costeira.wine\\\/wp-content\\\/uploads\\\/2026\\\/04\\\/23-1.png\",\"width\":1200,\"height\":1200},{\"@type\":\"BreadcrumbList\",\"@id\":\"https:\\\/\\\/costeira.wine\\\/tienda\\\/denominacion-de-origen\\\/do-ribeiro\\\/fornela-treixadura-godello\\\/#breadcrumb\",\"itemListElement\":[{\"@type\":\"ListItem\",\"position\":1,\"name\":\"Portada\",\"item\":\"https:\\\/\\\/costeira.wine\\\/\"},{\"@type\":\"ListItem\",\"position\":2,\"name\":\"Tienda\",\"item\":\"https:\\\/\\\/costeira.wine\\\/tienda\\\/\"},{\"@type\":\"ListItem\",\"position\":3,\"name\":\"Fornela\"}]},{\"@type\":\"WebSite\",\"@id\":\"https:\\\/\\\/costeira.wine\\\/#website\",\"url\":\"https:\\\/\\\/costeira.wine\\\/\",\"name\":\"Vi\u00f1a costeira\",\"description\":\"En la bodega Vi\u00f1a Costeira elaboramos vinos de D.O. Ribeiro y Valdeorras. Nuestros productos nos han convertido en la mejor bodega de Espa\u00f1a. \u00a1Con\u00f3cenos!\",\"publisher\":{\"@id\":\"https:\\\/\\\/costeira.wine\\\/#organization\"},\"potentialAction\":[{\"@type\":\"SearchAction\",\"target\":{\"@type\":\"EntryPoint\",\"urlTemplate\":\"https:\\\/\\\/costeira.wine\\\/?s={search_term_string}\"},\"query-input\":{\"@type\":\"PropertyValueSpecification\",\"valueRequired\":true,\"valueName\":\"search_term_string\"}}],\"inLanguage\":\"en-US\"},{\"@type\":\"Organization\",\"@id\":\"https:\\\/\\\/costeira.wine\\\/#organization\",\"name\":\"Vi\u00f1a costeira\",\"url\":\"https:\\\/\\\/costeira.wine\\\/\",\"logo\":{\"@type\":\"ImageObject\",\"inLanguage\":\"en-US\",\"@id\":\"https:\\\/\\\/costeira.wine\\\/#\\\/schema\\\/logo\\\/image\\\/\",\"url\":\"https:\\\/\\\/costeira.wine\\\/wp-content\\\/uploads\\\/2021\\\/06\\\/logo_vina_costeira.svg\",\"contentUrl\":\"https:\\\/\\\/costeira.wine\\\/wp-content\\\/uploads\\\/2021\\\/06\\\/logo_vina_costeira.svg\",\"width\":1024,\"height\":100,\"caption\":\"Vi\u00f1a costeira\"},\"image\":{\"@id\":\"https:\\\/\\\/costeira.wine\\\/#\\\/schema\\\/logo\\\/image\\\/\"},\"sameAs\":[\"https:\\\/\\\/www.facebook.com\\\/vinacosteira\\\/\",\"https:\\\/\\\/x.com\\\/costeira_es\",\"https:\\\/\\\/www.instagram.com\\\/costeira.es\\\/\",\"https:\\\/\\\/www.linkedin.com\\\/company\\\/vi\u00f1a-costeira\\\/\",\"https:\\\/\\\/www.youtube.com\\\/channel\\\/UCx-kNrCaW0EIlxNK7nBRyfA\"]}]}<\/script>\n<!-- \/ Yoast SEO plugin. -->","yoast_head_json":{"title":"Fornela - Vi\u00f1a costeira","description":"Fornela Treixadura y Godello: notas florales y de fruta de hueso. Un vino fresco y ligero, perfecto para cualquier momento. \u00a1Haz tu pedido online AHORA!","robots":{"index":"index","follow":"follow","max-snippet":"max-snippet:-1","max-image-preview":"max-image-preview:large","max-video-preview":"max-video-preview:-1"},"canonical":"https:\/\/costeira.wine\/tienda\/denominacion-de-origen\/do-ribeiro\/fornela-treixadura-godello\/","og_locale":"en_US","og_type":"article","og_title":"Fornela - Vi\u00f1a costeira","og_description":"Fornela Treixadura y Godello: notas florales y de fruta de hueso. Un vino fresco y ligero, perfecto para cualquier momento. \u00a1Haz tu pedido online AHORA!","og_url":"https:\/\/costeira.wine\/tienda\/denominacion-de-origen\/do-ribeiro\/fornela-treixadura-godello\/","og_site_name":"Vi\u00f1a costeira","article_publisher":"https:\/\/www.facebook.com\/vinacosteira\/","article_modified_time":"2026-04-29T11:17:45+00:00","og_image":[{"width":1024,"height":1024,"url":"https:\/\/costeira.wine\/wp-content\/uploads\/2026\/04\/23-1-1024x1024.png","type":"image\/png"}],"twitter_card":"summary_large_image","twitter_site":"@costeira_es","twitter_misc":{"Est. reading time":"1 minute"},"schema":{"@context":"https:\/\/schema.org","@graph":[{"@type":"WebPage","@id":"https:\/\/costeira.wine\/tienda\/denominacion-de-origen\/do-ribeiro\/fornela-treixadura-godello\/","url":"https:\/\/costeira.wine\/tienda\/denominacion-de-origen\/do-ribeiro\/fornela-treixadura-godello\/","name":"Fornela - Vi\u00f1a costeira","isPartOf":{"@id":"https:\/\/costeira.wine\/#website"},"primaryImageOfPage":{"@id":"https:\/\/costeira.wine\/tienda\/denominacion-de-origen\/do-ribeiro\/fornela-treixadura-godello\/#primaryimage"},"image":{"@id":"https:\/\/costeira.wine\/tienda\/denominacion-de-origen\/do-ribeiro\/fornela-treixadura-godello\/#primaryimage"},"thumbnailUrl":"https:\/\/costeira.wine\/wp-content\/uploads\/2026\/04\/23-1.png","datePublished":"2026-04-29T10:43:07+00:00","dateModified":"2026-04-29T11:17:45+00:00","description":"Fornela Treixadura y Godello: notas florales y de fruta de hueso. Un vino fresco y ligero, perfecto para cualquier momento. \u00a1Haz tu pedido online AHORA!","breadcrumb":{"@id":"https:\/\/costeira.wine\/tienda\/denominacion-de-origen\/do-ribeiro\/fornela-treixadura-godello\/#breadcrumb"},"inLanguage":"en-US","potentialAction":[{"@type":"ReadAction","target":["https:\/\/costeira.wine\/tienda\/denominacion-de-origen\/do-ribeiro\/fornela-treixadura-godello\/"]}]},{"@type":"ImageObject","inLanguage":"en-US","@id":"https:\/\/costeira.wine\/tienda\/denominacion-de-origen\/do-ribeiro\/fornela-treixadura-godello\/#primaryimage","url":"https:\/\/costeira.wine\/wp-content\/uploads\/2026\/04\/23-1.png","contentUrl":"https:\/\/costeira.wine\/wp-content\/uploads\/2026\/04\/23-1.png","width":1200,"height":1200},{"@type":"BreadcrumbList","@id":"https:\/\/costeira.wine\/tienda\/denominacion-de-origen\/do-ribeiro\/fornela-treixadura-godello\/#breadcrumb","itemListElement":[{"@type":"ListItem","position":1,"name":"Portada","item":"https:\/\/costeira.wine\/"},{"@type":"ListItem","position":2,"name":"Tienda","item":"https:\/\/costeira.wine\/tienda\/"},{"@type":"ListItem","position":3,"name":"Fornela"}]},{"@type":"WebSite","@id":"https:\/\/costeira.wine\/#website","url":"https:\/\/costeira.wine\/","name":"Vi\u00f1a costeira","description":"En la bodega Vi\u00f1a Costeira elaboramos vinos de D.O. Ribeiro y Valdeorras. Nuestros productos nos han convertido en la mejor bodega de Espa\u00f1a. \u00a1Con\u00f3cenos!","publisher":{"@id":"https:\/\/costeira.wine\/#organization"},"potentialAction":[{"@type":"SearchAction","target":{"@type":"EntryPoint","urlTemplate":"https:\/\/costeira.wine\/?s={search_term_string}"},"query-input":{"@type":"PropertyValueSpecification","valueRequired":true,"valueName":"search_term_string"}}],"inLanguage":"en-US"},{"@type":"Organization","@id":"https:\/\/costeira.wine\/#organization","name":"Vi\u00f1a costeira","url":"https:\/\/costeira.wine\/","logo":{"@type":"ImageObject","inLanguage":"en-US","@id":"https:\/\/costeira.wine\/#\/schema\/logo\/image\/","url":"https:\/\/costeira.wine\/wp-content\/uploads\/2021\/06\/logo_vina_costeira.svg","contentUrl":"https:\/\/costeira.wine\/wp-content\/uploads\/2021\/06\/logo_vina_costeira.svg","width":1024,"height":100,"caption":"Vi\u00f1a costeira"},"image":{"@id":"https:\/\/costeira.wine\/#\/schema\/logo\/image\/"},"sameAs":["https:\/\/www.facebook.com\/vinacosteira\/","https:\/\/x.com\/costeira_es","https:\/\/www.instagram.com\/costeira.es\/","https:\/\/www.linkedin.com\/company\/vi\u00f1a-costeira\/","https:\/\/www.youtube.com\/channel\/UCx-kNrCaW0EIlxNK7nBRyfA"]}]}},"_links":{"self":[{"href":"https:\/\/costeira.wine\/en\/wp-json\/wp\/v2\/product\/238338","targetHints":{"allow":["GET"]}}],"collection":[{"href":"https:\/\/costeira.wine\/en\/wp-json\/wp\/v2\/product"}],"about":[{"href":"https:\/\/costeira.wine\/en\/wp-json\/wp\/v2\/types\/product"}],"wp:featuredmedia":[{"embeddable":true,"href":"https:\/\/costeira.wine\/en\/wp-json\/wp\/v2\/media\/238360"}],"wp:attachment":[{"href":"https:\/\/costeira.wine\/en\/wp-json\/wp\/v2\/media?parent=238338"}],"wp:term":[{"taxonomy":"product_brand","embeddable":true,"href":"https:\/\/costeira.wine\/en\/wp-json\/wp\/v2\/product_brand?post=238338"},{"taxonomy":"product_cat","embeddable":true,"href":"https:\/\/costeira.wine\/en\/wp-json\/wp\/v2\/product_cat?post=238338"},{"taxonomy":"product_tag","embeddable":true,"href":"https:\/\/costeira.wine\/en\/wp-json\/wp\/v2\/product_tag?post=238338"},{"taxonomy":"gift","embeddable":true,"href":"https:\/\/costeira.wine\/en\/wp-json\/wp\/v2\/gift?post=238338"},{"taxonomy":"color","embeddable":true,"href":"https:\/\/costeira.wine\/en\/wp-json\/wp\/v2\/color?post=238338"},{"taxonomy":"grape","embeddable":true,"href":"https:\/\/costeira.wine\/en\/wp-json\/wp\/v2\/grape?post=238338"},{"taxonomy":"woo-feed-brand","embeddable":true,"href":"https:\/\/costeira.wine\/en\/wp-json\/wp\/v2\/woo-feed-brand?post=238338"}],"curies":[{"name":"wp","href":"https:\/\/api.w.org\/{rel}","templated":true}]}}